{"id":3656,"date":"2020-10-21T11:34:43","date_gmt":"2020-10-21T11:34:43","guid":{"rendered":"https:\/\/planova.com\/?page_id=3656"},"modified":"2021-05-17T11:02:56","modified_gmt":"2021-05-17T11:02:56","slug":"prototype","status":"publish","type":"page","link":"https:\/\/planova.com\/fr\/nos-competences\/prototype\/","title":{"rendered":"PROTOTYPE"},"content":{"rendered":"","protected":false},"excerpt":{"rendered":"","protected":false},"author":1,"featured_media":0,"parent":3544,"menu_order":0,"comment_status":"closed","ping_status":"closed","template":"","meta":[],"yst_prominent_words":[33,56],"yoast_head":"<!-- This site is optimized with the Yoast SEO Premium plugin v14.2 - https:\/\/yoast.com\/wordpress\/plugins\/seo\/ -->\n<title>Prototype: Solutions d&#039;am\u00e9nagement de magasin, pr\u00e9sentoir de vente au d\u00e9tail<\/title>\n<meta name=\"description\" content=\"Prototyper et concocter des concepts de prototype pour vos projets est l&#039;une des principales sp\u00e9cialit\u00e9s de Planova. Nous vous aidons \u00e0 visualiser la structure finale du projet.\" \/>\n<meta name=\"robots\" content=\"index, follow\" \/>\n<meta name=\"googlebot\" content=\"index, follow, max-snippet:-1, max-image-preview:large, max-video-preview:-1\" \/>\n<meta name=\"bingbot\" content=\"index, follow, max-snippet:-1, max-image-preview:large, max-video-preview:-1\" \/>\n<link rel=\"canonical\" href=\"https:\/\/planova.com\/fr\/nos-competences\/prototype\/\" \/>\n<meta property=\"og:locale\" content=\"fr_FR\" \/>\n<meta property=\"og:type\" content=\"article\" \/>\n<meta property=\"og:title\" content=\"Prototype: Solutions d&#039;am\u00e9nagement de magasin, pr\u00e9sentoir de vente au d\u00e9tail\" \/>\n<meta property=\"og:description\" content=\"Prototyper et concocter des concepts de prototype pour vos projets est l&#039;une des principales sp\u00e9cialit\u00e9s de Planova. Nous vous aidons \u00e0 visualiser la structure finale du projet.\" \/>\n<meta property=\"og:url\" content=\"https:\/\/planova.com\/fr\/nos-competences\/prototype\/\" \/>\n<meta property=\"og:site_name\" content=\"Planova\" \/>\n<meta property=\"article:modified_time\" content=\"2021-05-17T11:02:56+00:00\" \/>\n<meta name=\"twitter:card\" content=\"summary_large_image\" \/>\n<script type=\"application\/ld+json\" class=\"yoast-schema-graph\">{\"@context\":\"https:\/\/schema.org\",\"@graph\":[{\"@type\":\"WebSite\",\"@id\":\"https:\/\/planova.com\/fr\/#website\",\"url\":\"https:\/\/planova.com\/fr\/\",\"name\":\"Planova\",\"description\":\"Providing Brand Identity\",\"potentialAction\":[{\"@type\":\"SearchAction\",\"target\":\"https:\/\/planova.com\/fr\/?s={search_term_string}\",\"query-input\":\"required name=search_term_string\"}],\"inLanguage\":\"fr-FR\"},{\"@type\":\"WebPage\",\"@id\":\"https:\/\/planova.com\/fr\/nos-competences\/prototype\/#webpage\",\"url\":\"https:\/\/planova.com\/fr\/nos-competences\/prototype\/\",\"name\":\"Prototype: Solutions d'am\\u00e9nagement de magasin, pr\\u00e9sentoir de vente au d\\u00e9tail\",\"isPartOf\":{\"@id\":\"https:\/\/planova.com\/fr\/#website\"},\"datePublished\":\"2020-10-21T11:34:43+00:00\",\"dateModified\":\"2021-05-17T11:02:56+00:00\",\"description\":\"Prototyper et concocter des concepts de prototype pour vos projets est l'une des principales sp\\u00e9cialit\\u00e9s de Planova. Nous vous aidons \\u00e0 visualiser la structure finale du projet.\",\"inLanguage\":\"fr-FR\",\"potentialAction\":[{\"@type\":\"ReadAction\",\"target\":[\"https:\/\/planova.com\/fr\/nos-competences\/prototype\/\"]}]}]}<\/script>\n<!-- \/ Yoast SEO Premium plugin. -->","_links":{"self":[{"href":"https:\/\/planova.com\/fr\/wp-json\/wp\/v2\/pages\/3656"}],"collection":[{"href":"https:\/\/planova.com\/fr\/wp-json\/wp\/v2\/pages"}],"about":[{"href":"https:\/\/planova.com\/fr\/wp-json\/wp\/v2\/types\/page"}],"author":[{"embeddable":true,"href":"https:\/\/planova.com\/fr\/wp-json\/wp\/v2\/users\/1"}],"replies":[{"embeddable":true,"href":"https:\/\/planova.com\/fr\/wp-json\/wp\/v2\/comments?post=3656"}],"version-history":[{"count":5,"href":"https:\/\/planova.com\/fr\/wp-json\/wp\/v2\/pages\/3656\/revisions"}],"predecessor-version":[{"id":4697,"href":"https:\/\/planova.com\/fr\/wp-json\/wp\/v2\/pages\/3656\/revisions\/4697"}],"up":[{"embeddable":true,"href":"https:\/\/planova.com\/fr\/wp-json\/wp\/v2\/pages\/3544"}],"wp:attachment":[{"href":"https:\/\/planova.com\/fr\/wp-json\/wp\/v2\/media?parent=3656"}],"wp:term":[{"taxonomy":"yst_prominent_words","embeddable":true,"href":"https:\/\/planova.com\/fr\/wp-json\/wp\/v2\/yst_prominent_words?post=3656"}],"curies":[{"name":"wp","href":"https:\/\/api.w.org\/{rel}","templated":true}]}}