{"id":3597,"date":"2020-10-21T07:34:14","date_gmt":"2020-10-21T07:34:14","guid":{"rendered":"https:\/\/planova.com\/?page_id=3597"},"modified":"2021-05-17T10:35:46","modified_gmt":"2021-05-17T10:35:46","slug":"entrepot-logistique","status":"publish","type":"page","link":"https:\/\/planova.com\/fr\/nos-competences\/entrepot-logistique\/","title":{"rendered":"ENTREPOT &#038; LOGISTIQUE"},"content":{"rendered":"","protected":false},"excerpt":{"rendered":"","protected":false},"author":1,"featured_media":0,"parent":3544,"menu_order":0,"comment_status":"closed","ping_status":"closed","template":"","meta":[],"yst_prominent_words":[33],"yoast_head":"<!-- This site is optimized with the Yoast SEO Premium plugin v14.2 - https:\/\/yoast.com\/wordpress\/plugins\/seo\/ -->\n<title>Entrep\u00f4t et logistique &quot; \u00e9tag\u00e8res d&#039;entrep\u00f4t d&#039;agencement de magasin<\/title>\n<meta name=\"description\" content=\"Planova est un nom de premier plan dans le domaine de l&#039;entrep\u00f4t et de la logistique. Notre solide partenariat mondial nous permet d&#039;exceller dans la livraison et le transport dans le monde entier.\" \/>\n<meta name=\"robots\" content=\"index, follow\" \/>\n<meta name=\"googlebot\" content=\"index, follow, max-snippet:-1, max-image-preview:large, max-video-preview:-1\" \/>\n<meta name=\"bingbot\" content=\"index, follow, max-snippet:-1, max-image-preview:large, max-video-preview:-1\" \/>\n<link rel=\"canonical\" href=\"https:\/\/planova.com\/fr\/nos-competences\/entrepot-logistique\/\" \/>\n<meta property=\"og:locale\" content=\"fr_FR\" \/>\n<meta property=\"og:type\" content=\"article\" \/>\n<meta property=\"og:title\" content=\"Entrep\u00f4t et logistique &quot; \u00e9tag\u00e8res d&#039;entrep\u00f4t d&#039;agencement de magasin\" \/>\n<meta property=\"og:description\" content=\"Planova est un nom de premier plan dans le domaine de l&#039;entrep\u00f4t et de la logistique. Notre solide partenariat mondial nous permet d&#039;exceller dans la livraison et le transport dans le monde entier.\" \/>\n<meta property=\"og:url\" content=\"https:\/\/planova.com\/fr\/nos-competences\/entrepot-logistique\/\" \/>\n<meta property=\"og:site_name\" content=\"Planova\" \/>\n<meta property=\"article:modified_time\" content=\"2021-05-17T10:35:46+00:00\" \/>\n<meta name=\"twitter:card\" content=\"summary_large_image\" \/>\n<script type=\"application\/ld+json\" class=\"yoast-schema-graph\">{\"@context\":\"https:\/\/schema.org\",\"@graph\":[{\"@type\":\"WebSite\",\"@id\":\"https:\/\/planova.com\/fr\/#website\",\"url\":\"https:\/\/planova.com\/fr\/\",\"name\":\"Planova\",\"description\":\"Providing Brand Identity\",\"potentialAction\":[{\"@type\":\"SearchAction\",\"target\":\"https:\/\/planova.com\/fr\/?s={search_term_string}\",\"query-input\":\"required name=search_term_string\"}],\"inLanguage\":\"fr-FR\"},{\"@type\":\"WebPage\",\"@id\":\"https:\/\/planova.com\/fr\/nos-competences\/entrepot-logistique\/#webpage\",\"url\":\"https:\/\/planova.com\/fr\/nos-competences\/entrepot-logistique\/\",\"name\":\"Entrep\\u00f4t et logistique \\\" \\u00e9tag\\u00e8res d'entrep\\u00f4t d'agencement de magasin\",\"isPartOf\":{\"@id\":\"https:\/\/planova.com\/fr\/#website\"},\"datePublished\":\"2020-10-21T07:34:14+00:00\",\"dateModified\":\"2021-05-17T10:35:46+00:00\",\"description\":\"Planova est un nom de premier plan dans le domaine de l'entrep\\u00f4t et de la logistique. Notre solide partenariat mondial nous permet d'exceller dans la livraison et le transport dans le monde entier.\",\"inLanguage\":\"fr-FR\",\"potentialAction\":[{\"@type\":\"ReadAction\",\"target\":[\"https:\/\/planova.com\/fr\/nos-competences\/entrepot-logistique\/\"]}]}]}<\/script>\n<!-- \/ Yoast SEO Premium plugin. -->","_links":{"self":[{"href":"https:\/\/planova.com\/fr\/wp-json\/wp\/v2\/pages\/3597"}],"collection":[{"href":"https:\/\/planova.com\/fr\/wp-json\/wp\/v2\/pages"}],"about":[{"href":"https:\/\/planova.com\/fr\/wp-json\/wp\/v2\/types\/page"}],"author":[{"embeddable":true,"href":"https:\/\/planova.com\/fr\/wp-json\/wp\/v2\/users\/1"}],"replies":[{"embeddable":true,"href":"https:\/\/planova.com\/fr\/wp-json\/wp\/v2\/comments?post=3597"}],"version-history":[{"count":5,"href":"https:\/\/planova.com\/fr\/wp-json\/wp\/v2\/pages\/3597\/revisions"}],"predecessor-version":[{"id":4690,"href":"https:\/\/planova.com\/fr\/wp-json\/wp\/v2\/pages\/3597\/revisions\/4690"}],"up":[{"embeddable":true,"href":"https:\/\/planova.com\/fr\/wp-json\/wp\/v2\/pages\/3544"}],"wp:attachment":[{"href":"https:\/\/planova.com\/fr\/wp-json\/wp\/v2\/media?parent=3597"}],"wp:term":[{"taxonomy":"yst_prominent_words","embeddable":true,"href":"https:\/\/planova.com\/fr\/wp-json\/wp\/v2\/yst_prominent_words?post=3597"}],"curies":[{"name":"wp","href":"https:\/\/api.w.org\/{rel}","templated":true}]}}