{"id":3579,"date":"2020-10-21T07:13:49","date_gmt":"2020-10-21T07:13:49","guid":{"rendered":"https:\/\/planova.com\/?page_id=3579"},"modified":"2021-05-17T10:56:06","modified_gmt":"2021-05-17T10:56:06","slug":"solutions-de-marque-et-de-signalisation","status":"publish","type":"page","link":"https:\/\/planova.com\/fr\/nos-competences\/solutions-de-marque-et-de-signalisation\/","title":{"rendered":"SOLUTIONS DE MARQUE ET DE SIGNALISATION"},"content":{"rendered":"","protected":false},"excerpt":{"rendered":"","protected":false},"author":1,"featured_media":0,"parent":3544,"menu_order":0,"comment_status":"closed","ping_status":"closed","template":"","meta":[],"yst_prominent_words":[33,56,49],"yoast_head":"<!-- This site is optimized with the Yoast SEO Premium plugin v14.2 - https:\/\/yoast.com\/wordpress\/plugins\/seo\/ -->\n<title>Solutions de marque et de signalisation, solutions d&#039;am\u00e9nagement de magasins<\/title>\n<meta name=\"description\" content=\"Chez Planova, nous exer\u00e7ons notre expertise dans les solutions de marque et de signalisation. Nos id\u00e9es et conceptions de marque uniques peuvent rendre votre marque visible aupr\u00e8s du public mondial.\" \/>\n<meta name=\"robots\" content=\"index, follow\" \/>\n<meta name=\"googlebot\" content=\"index, follow, max-snippet:-1, max-image-preview:large, max-video-preview:-1\" \/>\n<meta name=\"bingbot\" content=\"index, follow, max-snippet:-1, max-image-preview:large, max-video-preview:-1\" \/>\n<link rel=\"canonical\" href=\"https:\/\/planova.com\/fr\/nos-competences\/solutions-de-marque-et-de-signalisation\/\" \/>\n<meta property=\"og:locale\" content=\"fr_FR\" \/>\n<meta property=\"og:type\" content=\"article\" \/>\n<meta property=\"og:title\" content=\"Solutions de marque et de signalisation, solutions d&#039;am\u00e9nagement de magasins\" \/>\n<meta property=\"og:description\" content=\"Chez Planova, nous exer\u00e7ons notre expertise dans les solutions de marque et de signalisation. Nos id\u00e9es et conceptions de marque uniques peuvent rendre votre marque visible aupr\u00e8s du public mondial.\" \/>\n<meta property=\"og:url\" content=\"https:\/\/planova.com\/fr\/nos-competences\/solutions-de-marque-et-de-signalisation\/\" \/>\n<meta property=\"og:site_name\" content=\"Planova\" \/>\n<meta property=\"article:modified_time\" content=\"2021-05-17T10:56:06+00:00\" \/>\n<meta name=\"twitter:card\" content=\"summary_large_image\" \/>\n<script type=\"application\/ld+json\" class=\"yoast-schema-graph\">{\"@context\":\"https:\/\/schema.org\",\"@graph\":[{\"@type\":\"WebSite\",\"@id\":\"https:\/\/planova.com\/fr\/#website\",\"url\":\"https:\/\/planova.com\/fr\/\",\"name\":\"Planova\",\"description\":\"Providing Brand Identity\",\"potentialAction\":[{\"@type\":\"SearchAction\",\"target\":\"https:\/\/planova.com\/fr\/?s={search_term_string}\",\"query-input\":\"required name=search_term_string\"}],\"inLanguage\":\"fr-FR\"},{\"@type\":\"WebPage\",\"@id\":\"https:\/\/planova.com\/fr\/nos-competences\/solutions-de-marque-et-de-signalisation\/#webpage\",\"url\":\"https:\/\/planova.com\/fr\/nos-competences\/solutions-de-marque-et-de-signalisation\/\",\"name\":\"Solutions de marque et de signalisation, solutions d'am\\u00e9nagement de magasins\",\"isPartOf\":{\"@id\":\"https:\/\/planova.com\/fr\/#website\"},\"datePublished\":\"2020-10-21T07:13:49+00:00\",\"dateModified\":\"2021-05-17T10:56:06+00:00\",\"description\":\"Chez Planova, nous exer\\u00e7ons notre expertise dans les solutions de marque et de signalisation. Nos id\\u00e9es et conceptions de marque uniques peuvent rendre votre marque visible aupr\\u00e8s du public mondial.\",\"inLanguage\":\"fr-FR\",\"potentialAction\":[{\"@type\":\"ReadAction\",\"target\":[\"https:\/\/planova.com\/fr\/nos-competences\/solutions-de-marque-et-de-signalisation\/\"]}]}]}<\/script>\n<!-- \/ Yoast SEO Premium plugin. -->","_links":{"self":[{"href":"https:\/\/planova.com\/fr\/wp-json\/wp\/v2\/pages\/3579"}],"collection":[{"href":"https:\/\/planova.com\/fr\/wp-json\/wp\/v2\/pages"}],"about":[{"href":"https:\/\/planova.com\/fr\/wp-json\/wp\/v2\/types\/page"}],"author":[{"embeddable":true,"href":"https:\/\/planova.com\/fr\/wp-json\/wp\/v2\/users\/1"}],"replies":[{"embeddable":true,"href":"https:\/\/planova.com\/fr\/wp-json\/wp\/v2\/comments?post=3579"}],"version-history":[{"count":5,"href":"https:\/\/planova.com\/fr\/wp-json\/wp\/v2\/pages\/3579\/revisions"}],"predecessor-version":[{"id":4662,"href":"https:\/\/planova.com\/fr\/wp-json\/wp\/v2\/pages\/3579\/revisions\/4662"}],"up":[{"embeddable":true,"href":"https:\/\/planova.com\/fr\/wp-json\/wp\/v2\/pages\/3544"}],"wp:attachment":[{"href":"https:\/\/planova.com\/fr\/wp-json\/wp\/v2\/media?parent=3579"}],"wp:term":[{"taxonomy":"yst_prominent_words","embeddable":true,"href":"https:\/\/planova.com\/fr\/wp-json\/wp\/v2\/yst_prominent_words?post=3579"}],"curies":[{"name":"wp","href":"https:\/\/api.w.org\/{rel}","templated":true}]}}