{"id":3544,"date":"2020-10-21T06:02:36","date_gmt":"2020-10-21T06:02:36","guid":{"rendered":"https:\/\/planova.com\/?page_id=3544"},"modified":"2021-05-17T10:09:17","modified_gmt":"2021-05-17T10:09:17","slug":"nos-competences","status":"publish","type":"page","link":"https:\/\/planova.com\/fr\/nos-competences\/","title":{"rendered":"Nos Comp\u00e9tences"},"content":{"rendered":"","protected":false},"excerpt":{"rendered":"","protected":false},"author":1,"featured_media":0,"parent":0,"menu_order":0,"comment_status":"closed","ping_status":"closed","template":"","meta":[],"yst_prominent_words":[],"yoast_head":"<!-- This site is optimized with the Yoast SEO Premium plugin v14.2 - https:\/\/yoast.com\/wordpress\/plugins\/seo\/ -->\n<title>Comp\u00e9tences : entrep\u00f4t d&#039;am\u00e9nagement de magasin, rayonnage pour la vente au d\u00e9tail<\/title>\n<meta name=\"description\" content=\"De l&#039;image de marque, de la production et de l&#039;installation au service apr\u00e8s-vente, nous proposons des services de bout en bout en mati\u00e8re de solutions d&#039;am\u00e9nagement de magasins et de rayonnages.\" \/>\n<meta name=\"robots\" content=\"index, follow\" \/>\n<meta name=\"googlebot\" content=\"index, follow, max-snippet:-1, max-image-preview:large, max-video-preview:-1\" \/>\n<meta name=\"bingbot\" content=\"index, follow, max-snippet:-1, max-image-preview:large, max-video-preview:-1\" \/>\n<link rel=\"canonical\" href=\"https:\/\/planova.com\/fr\/nos-competences\/\" \/>\n<meta property=\"og:locale\" content=\"fr_FR\" \/>\n<meta property=\"og:type\" content=\"article\" \/>\n<meta property=\"og:title\" content=\"Comp\u00e9tences : entrep\u00f4t d&#039;am\u00e9nagement de magasin, rayonnage pour la vente au d\u00e9tail\" \/>\n<meta property=\"og:description\" content=\"De l&#039;image de marque, de la production et de l&#039;installation au service apr\u00e8s-vente, nous proposons des services de bout en bout en mati\u00e8re de solutions d&#039;am\u00e9nagement de magasins et de rayonnages.\" \/>\n<meta property=\"og:url\" content=\"https:\/\/planova.com\/fr\/nos-competences\/\" \/>\n<meta property=\"og:site_name\" content=\"Planova\" \/>\n<meta property=\"article:modified_time\" content=\"2021-05-17T10:09:17+00:00\" \/>\n<meta name=\"twitter:card\" content=\"summary_large_image\" \/>\n<script type=\"application\/ld+json\" class=\"yoast-schema-graph\">{\"@context\":\"https:\/\/schema.org\",\"@graph\":[{\"@type\":\"WebSite\",\"@id\":\"https:\/\/planova.com\/fr\/#website\",\"url\":\"https:\/\/planova.com\/fr\/\",\"name\":\"Planova\",\"description\":\"Providing Brand Identity\",\"potentialAction\":[{\"@type\":\"SearchAction\",\"target\":\"https:\/\/planova.com\/fr\/?s={search_term_string}\",\"query-input\":\"required name=search_term_string\"}],\"inLanguage\":\"fr-FR\"},{\"@type\":\"WebPage\",\"@id\":\"https:\/\/planova.com\/fr\/nos-competences\/#webpage\",\"url\":\"https:\/\/planova.com\/fr\/nos-competences\/\",\"name\":\"Comp\\u00e9tences : entrep\\u00f4t d'am\\u00e9nagement de magasin, rayonnage pour la vente au d\\u00e9tail\",\"isPartOf\":{\"@id\":\"https:\/\/planova.com\/fr\/#website\"},\"datePublished\":\"2020-10-21T06:02:36+00:00\",\"dateModified\":\"2021-05-17T10:09:17+00:00\",\"description\":\"De l'image de marque, de la production et de l'installation au service apr\\u00e8s-vente, nous proposons des services de bout en bout en mati\\u00e8re de solutions d'am\\u00e9nagement de magasins et de rayonnages.\",\"inLanguage\":\"fr-FR\",\"potentialAction\":[{\"@type\":\"ReadAction\",\"target\":[\"https:\/\/planova.com\/fr\/nos-competences\/\"]}]}]}<\/script>\n<!-- \/ Yoast SEO Premium plugin. -->","_links":{"self":[{"href":"https:\/\/planova.com\/fr\/wp-json\/wp\/v2\/pages\/3544"}],"collection":[{"href":"https:\/\/planova.com\/fr\/wp-json\/wp\/v2\/pages"}],"about":[{"href":"https:\/\/planova.com\/fr\/wp-json\/wp\/v2\/types\/page"}],"author":[{"embeddable":true,"href":"https:\/\/planova.com\/fr\/wp-json\/wp\/v2\/users\/1"}],"replies":[{"embeddable":true,"href":"https:\/\/planova.com\/fr\/wp-json\/wp\/v2\/comments?post=3544"}],"version-history":[{"count":3,"href":"https:\/\/planova.com\/fr\/wp-json\/wp\/v2\/pages\/3544\/revisions"}],"predecessor-version":[{"id":4584,"href":"https:\/\/planova.com\/fr\/wp-json\/wp\/v2\/pages\/3544\/revisions\/4584"}],"wp:attachment":[{"href":"https:\/\/planova.com\/fr\/wp-json\/wp\/v2\/media?parent=3544"}],"wp:term":[{"taxonomy":"yst_prominent_words","embeddable":true,"href":"https:\/\/planova.com\/fr\/wp-json\/wp\/v2\/yst_prominent_words?post=3544"}],"curies":[{"name":"wp","href":"https:\/\/api.w.org\/{rel}","templated":true}]}}