{"id":3533,"date":"2020-10-21T05:54:45","date_gmt":"2020-10-21T05:54:45","guid":{"rendered":"https:\/\/planova.com\/?page_id=3533"},"modified":"2021-05-28T07:49:40","modified_gmt":"2021-05-28T07:49:40","slug":"management-du-projet","status":"publish","type":"page","link":"https:\/\/planova.com\/fr\/nos-competences\/management-du-projet\/","title":{"rendered":"MANAGEMENT DU PROJET"},"content":{"rendered":"","protected":false},"excerpt":{"rendered":"","protected":false},"author":1,"featured_media":0,"parent":3544,"menu_order":0,"comment_status":"closed","ping_status":"closed","template":"","meta":[],"yst_prominent_words":[],"yoast_head":"<!-- This site is optimized with the Yoast SEO Premium plugin v14.2 - https:\/\/yoast.com\/wordpress\/plugins\/seo\/ -->\n<title>Gestion de projet: Agencement de magasin, rayonnage de magasin<\/title>\n<meta name=\"description\" content=\"Planova excelle dans l&#039;art de la gestion de projet r\u00e9ussie. De l&#039;approvisionnement en mati\u00e8res premi\u00e8res au d\u00e9ploiement final, nous mettons en \u0153uvre avec succ\u00e8s vos projets.\" \/>\n<meta name=\"robots\" content=\"index, follow\" \/>\n<meta name=\"googlebot\" content=\"index, follow, max-snippet:-1, max-image-preview:large, max-video-preview:-1\" \/>\n<meta name=\"bingbot\" content=\"index, follow, max-snippet:-1, max-image-preview:large, max-video-preview:-1\" \/>\n<link rel=\"canonical\" href=\"https:\/\/planova.com\/fr\/nos-competences\/management-du-projet\/\" \/>\n<meta property=\"og:locale\" content=\"fr_FR\" \/>\n<meta property=\"og:type\" content=\"article\" \/>\n<meta property=\"og:title\" content=\"Gestion de projet: Agencement de magasin, rayonnage de magasin\" \/>\n<meta property=\"og:description\" content=\"Planova excelle dans l&#039;art de la gestion de projet r\u00e9ussie. De l&#039;approvisionnement en mati\u00e8res premi\u00e8res au d\u00e9ploiement final, nous mettons en \u0153uvre avec succ\u00e8s vos projets.\" \/>\n<meta property=\"og:url\" content=\"https:\/\/planova.com\/fr\/nos-competences\/management-du-projet\/\" \/>\n<meta property=\"og:site_name\" content=\"Planova\" \/>\n<meta property=\"article:modified_time\" content=\"2021-05-28T07:49:40+00:00\" \/>\n<meta name=\"twitter:card\" content=\"summary_large_image\" \/>\n<script type=\"application\/ld+json\" class=\"yoast-schema-graph\">{\"@context\":\"https:\/\/schema.org\",\"@graph\":[{\"@type\":\"WebSite\",\"@id\":\"https:\/\/planova.com\/fr\/#website\",\"url\":\"https:\/\/planova.com\/fr\/\",\"name\":\"Planova\",\"description\":\"Providing Brand Identity\",\"potentialAction\":[{\"@type\":\"SearchAction\",\"target\":\"https:\/\/planova.com\/fr\/?s={search_term_string}\",\"query-input\":\"required name=search_term_string\"}],\"inLanguage\":\"fr-FR\"},{\"@type\":\"WebPage\",\"@id\":\"https:\/\/planova.com\/fr\/nos-competences\/management-du-projet\/#webpage\",\"url\":\"https:\/\/planova.com\/fr\/nos-competences\/management-du-projet\/\",\"name\":\"Gestion de projet: Agencement de magasin, rayonnage de magasin\",\"isPartOf\":{\"@id\":\"https:\/\/planova.com\/fr\/#website\"},\"datePublished\":\"2020-10-21T05:54:45+00:00\",\"dateModified\":\"2021-05-28T07:49:40+00:00\",\"description\":\"Planova excelle dans l'art de la gestion de projet r\\u00e9ussie. De l'approvisionnement en mati\\u00e8res premi\\u00e8res au d\\u00e9ploiement final, nous mettons en \\u0153uvre avec succ\\u00e8s vos projets.\",\"inLanguage\":\"fr-FR\",\"potentialAction\":[{\"@type\":\"ReadAction\",\"target\":[\"https:\/\/planova.com\/fr\/nos-competences\/management-du-projet\/\"]}]}]}<\/script>\n<!-- \/ Yoast SEO Premium plugin. -->","_links":{"self":[{"href":"https:\/\/planova.com\/fr\/wp-json\/wp\/v2\/pages\/3533"}],"collection":[{"href":"https:\/\/planova.com\/fr\/wp-json\/wp\/v2\/pages"}],"about":[{"href":"https:\/\/planova.com\/fr\/wp-json\/wp\/v2\/types\/page"}],"author":[{"embeddable":true,"href":"https:\/\/planova.com\/fr\/wp-json\/wp\/v2\/users\/1"}],"replies":[{"embeddable":true,"href":"https:\/\/planova.com\/fr\/wp-json\/wp\/v2\/comments?post=3533"}],"version-history":[{"count":5,"href":"https:\/\/planova.com\/fr\/wp-json\/wp\/v2\/pages\/3533\/revisions"}],"predecessor-version":[{"id":4629,"href":"https:\/\/planova.com\/fr\/wp-json\/wp\/v2\/pages\/3533\/revisions\/4629"}],"up":[{"embeddable":true,"href":"https:\/\/planova.com\/fr\/wp-json\/wp\/v2\/pages\/3544"}],"wp:attachment":[{"href":"https:\/\/planova.com\/fr\/wp-json\/wp\/v2\/media?parent=3533"}],"wp:term":[{"taxonomy":"yst_prominent_words","embeddable":true,"href":"https:\/\/planova.com\/fr\/wp-json\/wp\/v2\/yst_prominent_words?post=3533"}],"curies":[{"name":"wp","href":"https:\/\/api.w.org\/{rel}","templated":true}]}}