{"id":3469,"date":"2020-10-20T19:12:43","date_gmt":"2020-10-20T19:12:43","guid":{"rendered":"https:\/\/planova.com\/?page_id=3469"},"modified":"2021-05-17T09:56:44","modified_gmt":"2021-05-17T09:56:44","slug":"reseau-mode-de-vie","status":"publish","type":"page","link":"https:\/\/planova.com\/fr\/divisions-commerciales\/reseau-mode-de-vie\/","title":{"rendered":"R\u00c9SEAU MODE DE VIE"},"content":{"rendered":"","protected":false},"excerpt":{"rendered":"","protected":false},"author":1,"featured_media":0,"parent":3243,"menu_order":0,"comment_status":"closed","ping_status":"closed","template":"","meta":[],"yst_prominent_words":[],"yoast_head":"<!-- This site is optimized with the Yoast SEO Premium plugin v14.2 - https:\/\/yoast.com\/wordpress\/plugins\/seo\/ -->\n<title>Activation de vente au d\u00e9tail, \u00e9quipement de vente au d\u00e9tail, syst\u00e8mes d&#039;\u00e9tag\u00e8res<\/title>\n<meta name=\"description\" content=\"Les solutions innovantes d&#039;agencement de magasins et d&#039;\u00e9tag\u00e8res de Planova sont parfaites pour les points de vente au d\u00e9tail de style de vie o\u00f9 une pr\u00e9sentation correcte des produits compte le plus!\" \/>\n<meta name=\"robots\" content=\"index, follow\" \/>\n<meta name=\"googlebot\" content=\"index, follow, max-snippet:-1, max-image-preview:large, max-video-preview:-1\" \/>\n<meta name=\"bingbot\" content=\"index, follow, max-snippet:-1, max-image-preview:large, max-video-preview:-1\" \/>\n<link rel=\"canonical\" href=\"https:\/\/planova.com\/fr\/divisions-commerciales\/reseau-mode-de-vie\/\" \/>\n<meta property=\"og:locale\" content=\"fr_FR\" \/>\n<meta property=\"og:type\" content=\"article\" \/>\n<meta property=\"og:title\" content=\"Activation de vente au d\u00e9tail, \u00e9quipement de vente au d\u00e9tail, syst\u00e8mes d&#039;\u00e9tag\u00e8res\" \/>\n<meta property=\"og:description\" content=\"Les solutions innovantes d&#039;agencement de magasins et d&#039;\u00e9tag\u00e8res de Planova sont parfaites pour les points de vente au d\u00e9tail de style de vie o\u00f9 une pr\u00e9sentation correcte des produits compte le plus!\" \/>\n<meta property=\"og:url\" content=\"https:\/\/planova.com\/fr\/divisions-commerciales\/reseau-mode-de-vie\/\" \/>\n<meta property=\"og:site_name\" content=\"Planova\" \/>\n<meta property=\"article:modified_time\" content=\"2021-05-17T09:56:44+00:00\" \/>\n<meta name=\"twitter:card\" content=\"summary_large_image\" \/>\n<script type=\"application\/ld+json\" class=\"yoast-schema-graph\">{\"@context\":\"https:\/\/schema.org\",\"@graph\":[{\"@type\":\"WebSite\",\"@id\":\"https:\/\/planova.com\/fr\/#website\",\"url\":\"https:\/\/planova.com\/fr\/\",\"name\":\"Planova\",\"description\":\"Providing Brand Identity\",\"potentialAction\":[{\"@type\":\"SearchAction\",\"target\":\"https:\/\/planova.com\/fr\/?s={search_term_string}\",\"query-input\":\"required name=search_term_string\"}],\"inLanguage\":\"fr-FR\"},{\"@type\":\"WebPage\",\"@id\":\"https:\/\/planova.com\/fr\/divisions-commerciales\/reseau-mode-de-vie\/#webpage\",\"url\":\"https:\/\/planova.com\/fr\/divisions-commerciales\/reseau-mode-de-vie\/\",\"name\":\"Activation de vente au d\\u00e9tail, \\u00e9quipement de vente au d\\u00e9tail, syst\\u00e8mes d'\\u00e9tag\\u00e8res\",\"isPartOf\":{\"@id\":\"https:\/\/planova.com\/fr\/#website\"},\"datePublished\":\"2020-10-20T19:12:43+00:00\",\"dateModified\":\"2021-05-17T09:56:44+00:00\",\"description\":\"Les solutions innovantes d'agencement de magasins et d'\\u00e9tag\\u00e8res de Planova sont parfaites pour les points de vente au d\\u00e9tail de style de vie o\\u00f9 une pr\\u00e9sentation correcte des produits compte le plus!\",\"inLanguage\":\"fr-FR\",\"potentialAction\":[{\"@type\":\"ReadAction\",\"target\":[\"https:\/\/planova.com\/fr\/divisions-commerciales\/reseau-mode-de-vie\/\"]}]}]}<\/script>\n<!-- \/ Yoast SEO Premium plugin. -->","_links":{"self":[{"href":"https:\/\/planova.com\/fr\/wp-json\/wp\/v2\/pages\/3469"}],"collection":[{"href":"https:\/\/planova.com\/fr\/wp-json\/wp\/v2\/pages"}],"about":[{"href":"https:\/\/planova.com\/fr\/wp-json\/wp\/v2\/types\/page"}],"author":[{"embeddable":true,"href":"https:\/\/planova.com\/fr\/wp-json\/wp\/v2\/users\/1"}],"replies":[{"embeddable":true,"href":"https:\/\/planova.com\/fr\/wp-json\/wp\/v2\/comments?post=3469"}],"version-history":[{"count":5,"href":"https:\/\/planova.com\/fr\/wp-json\/wp\/v2\/pages\/3469\/revisions"}],"predecessor-version":[{"id":4632,"href":"https:\/\/planova.com\/fr\/wp-json\/wp\/v2\/pages\/3469\/revisions\/4632"}],"up":[{"embeddable":true,"href":"https:\/\/planova.com\/fr\/wp-json\/wp\/v2\/pages\/3243"}],"wp:attachment":[{"href":"https:\/\/planova.com\/fr\/wp-json\/wp\/v2\/media?parent=3469"}],"wp:term":[{"taxonomy":"yst_prominent_words","embeddable":true,"href":"https:\/\/planova.com\/fr\/wp-json\/wp\/v2\/yst_prominent_words?post=3469"}],"curies":[{"name":"wp","href":"https:\/\/api.w.org\/{rel}","templated":true}]}}