{"id":3466,"date":"2020-10-20T19:02:04","date_gmt":"2020-10-20T19:02:04","guid":{"rendered":"https:\/\/planova.com\/?page_id=3466"},"modified":"2021-05-17T08:42:50","modified_gmt":"2021-05-17T08:42:50","slug":"industries","status":"publish","type":"page","link":"https:\/\/planova.com\/fr\/divisions-commerciales\/industries\/","title":{"rendered":"INDUSTRIES"},"content":{"rendered":"","protected":false},"excerpt":{"rendered":"","protected":false},"author":1,"featured_media":0,"parent":3243,"menu_order":0,"comment_status":"closed","ping_status":"closed","template":"","meta":[],"yst_prominent_words":[],"yoast_head":"<!-- This site is optimized with the Yoast SEO Premium plugin v14.2 - https:\/\/yoast.com\/wordpress\/plugins\/seo\/ -->\n<title>Solutions industrielles: am\u00e9nagement de magasins, syst\u00e8mes d&#039;\u00e9tag\u00e8res, am\u00e9nagement de bureaux<\/title>\n<meta name=\"description\" content=\"Planova offre un syst\u00e8me pratique et tr\u00e8s adaptable de finition de magasin et de rayonnage pour r\u00e9pondre aux besoins sp\u00e9cifiques de chaque industrie.\" \/>\n<meta name=\"robots\" content=\"index, follow\" \/>\n<meta name=\"googlebot\" content=\"index, follow, max-snippet:-1, max-image-preview:large, max-video-preview:-1\" \/>\n<meta name=\"bingbot\" content=\"index, follow, max-snippet:-1, max-image-preview:large, max-video-preview:-1\" \/>\n<link rel=\"canonical\" href=\"https:\/\/planova.com\/fr\/divisions-commerciales\/industries\/\" \/>\n<meta property=\"og:locale\" content=\"fr_FR\" \/>\n<meta property=\"og:type\" content=\"article\" \/>\n<meta property=\"og:title\" content=\"Solutions industrielles: am\u00e9nagement de magasins, syst\u00e8mes d&#039;\u00e9tag\u00e8res, am\u00e9nagement de bureaux\" \/>\n<meta property=\"og:description\" content=\"Planova offre un syst\u00e8me pratique et tr\u00e8s adaptable de finition de magasin et de rayonnage pour r\u00e9pondre aux besoins sp\u00e9cifiques de chaque industrie.\" \/>\n<meta property=\"og:url\" content=\"https:\/\/planova.com\/fr\/divisions-commerciales\/industries\/\" \/>\n<meta property=\"og:site_name\" content=\"Planova\" \/>\n<meta property=\"article:modified_time\" content=\"2021-05-17T08:42:50+00:00\" \/>\n<meta name=\"twitter:card\" content=\"summary_large_image\" \/>\n<script type=\"application\/ld+json\" class=\"yoast-schema-graph\">{\"@context\":\"https:\/\/schema.org\",\"@graph\":[{\"@type\":\"WebSite\",\"@id\":\"https:\/\/planova.com\/fr\/#website\",\"url\":\"https:\/\/planova.com\/fr\/\",\"name\":\"Planova\",\"description\":\"Providing Brand Identity\",\"potentialAction\":[{\"@type\":\"SearchAction\",\"target\":\"https:\/\/planova.com\/fr\/?s={search_term_string}\",\"query-input\":\"required name=search_term_string\"}],\"inLanguage\":\"fr-FR\"},{\"@type\":\"WebPage\",\"@id\":\"https:\/\/planova.com\/fr\/divisions-commerciales\/industries\/#webpage\",\"url\":\"https:\/\/planova.com\/fr\/divisions-commerciales\/industries\/\",\"name\":\"Solutions industrielles: am\\u00e9nagement de magasins, syst\\u00e8mes d'\\u00e9tag\\u00e8res, am\\u00e9nagement de bureaux\",\"isPartOf\":{\"@id\":\"https:\/\/planova.com\/fr\/#website\"},\"datePublished\":\"2020-10-20T19:02:04+00:00\",\"dateModified\":\"2021-05-17T08:42:50+00:00\",\"description\":\"Planova offre un syst\\u00e8me pratique et tr\\u00e8s adaptable de finition de magasin et de rayonnage pour r\\u00e9pondre aux besoins sp\\u00e9cifiques de chaque industrie.\",\"inLanguage\":\"fr-FR\",\"potentialAction\":[{\"@type\":\"ReadAction\",\"target\":[\"https:\/\/planova.com\/fr\/divisions-commerciales\/industries\/\"]}]}]}<\/script>\n<!-- \/ Yoast SEO Premium plugin. -->","_links":{"self":[{"href":"https:\/\/planova.com\/fr\/wp-json\/wp\/v2\/pages\/3466"}],"collection":[{"href":"https:\/\/planova.com\/fr\/wp-json\/wp\/v2\/pages"}],"about":[{"href":"https:\/\/planova.com\/fr\/wp-json\/wp\/v2\/types\/page"}],"author":[{"embeddable":true,"href":"https:\/\/planova.com\/fr\/wp-json\/wp\/v2\/users\/1"}],"replies":[{"embeddable":true,"href":"https:\/\/planova.com\/fr\/wp-json\/wp\/v2\/comments?post=3466"}],"version-history":[{"count":5,"href":"https:\/\/planova.com\/fr\/wp-json\/wp\/v2\/pages\/3466\/revisions"}],"predecessor-version":[{"id":4619,"href":"https:\/\/planova.com\/fr\/wp-json\/wp\/v2\/pages\/3466\/revisions\/4619"}],"up":[{"embeddable":true,"href":"https:\/\/planova.com\/fr\/wp-json\/wp\/v2\/pages\/3243"}],"wp:attachment":[{"href":"https:\/\/planova.com\/fr\/wp-json\/wp\/v2\/media?parent=3466"}],"wp:term":[{"taxonomy":"yst_prominent_words","embeddable":true,"href":"https:\/\/planova.com\/fr\/wp-json\/wp\/v2\/yst_prominent_words?post=3466"}],"curies":[{"name":"wp","href":"https:\/\/api.w.org\/{rel}","templated":true}]}}