{"id":3445,"date":"2020-10-20T18:02:59","date_gmt":"2020-10-20T18:02:59","guid":{"rendered":"https:\/\/planova.com\/?page_id=3445"},"modified":"2021-05-17T08:38:55","modified_gmt":"2021-05-17T08:38:55","slug":"convenience-food-retails","status":"publish","type":"page","link":"https:\/\/planova.com\/fr\/divisions-commerciales\/convenience-food-retails\/","title":{"rendered":"CONVENIENCE &#038; FOOD RETAILS"},"content":{"rendered":"","protected":false},"excerpt":{"rendered":"","protected":false},"author":1,"featured_media":0,"parent":3243,"menu_order":0,"comment_status":"closed","ping_status":"closed","template":"","meta":[],"yst_prominent_words":[84,81,85],"yoast_head":"<!-- This site is optimized with the Yoast SEO Premium plugin v14.2 - https:\/\/yoast.com\/wordpress\/plugins\/seo\/ -->\n<title>Convenience &amp; Food Retail - Affichage pour la vente au d\u00e9tail, \u00e9quipment pour Supermarch\u00e9<\/title>\n<meta name=\"description\" content=\"Planova a transform\u00e9 des magasins de convenience &amp; food retail dans le monde entier gr\u00e2ce \u00e0 son syst\u00e8me d\u2019\u00e9tag\u00e8res et \u00e0 sa solution d&#039;ameublement.\" \/>\n<meta name=\"robots\" content=\"index, follow\" \/>\n<meta name=\"googlebot\" content=\"index, follow, max-snippet:-1, max-image-preview:large, max-video-preview:-1\" \/>\n<meta name=\"bingbot\" content=\"index, follow, max-snippet:-1, max-image-preview:large, max-video-preview:-1\" \/>\n<link rel=\"canonical\" href=\"https:\/\/planova.com\/fr\/divisions-commerciales\/convenience-food-retails\/\" \/>\n<meta property=\"og:locale\" content=\"fr_FR\" \/>\n<meta property=\"og:type\" content=\"article\" \/>\n<meta property=\"og:title\" content=\"Convenience &amp; Food Retail - Affichage pour la vente au d\u00e9tail, \u00e9quipment pour Supermarch\u00e9\" \/>\n<meta property=\"og:description\" content=\"Planova a transform\u00e9 des magasins de convenience &amp; food retail dans le monde entier gr\u00e2ce \u00e0 son syst\u00e8me d\u2019\u00e9tag\u00e8res et \u00e0 sa solution d&#039;ameublement.\" \/>\n<meta property=\"og:url\" content=\"https:\/\/planova.com\/fr\/divisions-commerciales\/convenience-food-retails\/\" \/>\n<meta property=\"og:site_name\" content=\"Planova\" \/>\n<meta property=\"article:modified_time\" content=\"2021-05-17T08:38:55+00:00\" \/>\n<meta name=\"twitter:card\" content=\"summary_large_image\" \/>\n<script type=\"application\/ld+json\" class=\"yoast-schema-graph\">{\"@context\":\"https:\/\/schema.org\",\"@graph\":[{\"@type\":\"WebSite\",\"@id\":\"https:\/\/planova.com\/fr\/#website\",\"url\":\"https:\/\/planova.com\/fr\/\",\"name\":\"Planova\",\"description\":\"Providing Brand Identity\",\"potentialAction\":[{\"@type\":\"SearchAction\",\"target\":\"https:\/\/planova.com\/fr\/?s={search_term_string}\",\"query-input\":\"required name=search_term_string\"}],\"inLanguage\":\"fr-FR\"},{\"@type\":\"WebPage\",\"@id\":\"https:\/\/planova.com\/fr\/divisions-commerciales\/convenience-food-retails\/#webpage\",\"url\":\"https:\/\/planova.com\/fr\/divisions-commerciales\/convenience-food-retails\/\",\"name\":\"Convenience & Food Retail - Affichage pour la vente au d\\u00e9tail, \\u00e9quipment pour Supermarch\\u00e9\",\"isPartOf\":{\"@id\":\"https:\/\/planova.com\/fr\/#website\"},\"datePublished\":\"2020-10-20T18:02:59+00:00\",\"dateModified\":\"2021-05-17T08:38:55+00:00\",\"description\":\"Planova a transform\\u00e9 des magasins de convenience & food retail dans le monde entier gr\\u00e2ce \\u00e0 son syst\\u00e8me d\\u2019\\u00e9tag\\u00e8res et \\u00e0 sa solution d'ameublement.\",\"inLanguage\":\"fr-FR\",\"potentialAction\":[{\"@type\":\"ReadAction\",\"target\":[\"https:\/\/planova.com\/fr\/divisions-commerciales\/convenience-food-retails\/\"]}]}]}<\/script>\n<!-- \/ Yoast SEO Premium plugin. -->","_links":{"self":[{"href":"https:\/\/planova.com\/fr\/wp-json\/wp\/v2\/pages\/3445"}],"collection":[{"href":"https:\/\/planova.com\/fr\/wp-json\/wp\/v2\/pages"}],"about":[{"href":"https:\/\/planova.com\/fr\/wp-json\/wp\/v2\/types\/page"}],"author":[{"embeddable":true,"href":"https:\/\/planova.com\/fr\/wp-json\/wp\/v2\/users\/1"}],"replies":[{"embeddable":true,"href":"https:\/\/planova.com\/fr\/wp-json\/wp\/v2\/comments?post=3445"}],"version-history":[{"count":4,"href":"https:\/\/planova.com\/fr\/wp-json\/wp\/v2\/pages\/3445\/revisions"}],"predecessor-version":[{"id":4614,"href":"https:\/\/planova.com\/fr\/wp-json\/wp\/v2\/pages\/3445\/revisions\/4614"}],"up":[{"embeddable":true,"href":"https:\/\/planova.com\/fr\/wp-json\/wp\/v2\/pages\/3243"}],"wp:attachment":[{"href":"https:\/\/planova.com\/fr\/wp-json\/wp\/v2\/media?parent=3445"}],"wp:term":[{"taxonomy":"yst_prominent_words","embeddable":true,"href":"https:\/\/planova.com\/fr\/wp-json\/wp\/v2\/yst_prominent_words?post=3445"}],"curies":[{"name":"wp","href":"https:\/\/api.w.org\/{rel}","templated":true}]}}