{"id":3311,"date":"2020-10-19T13:52:56","date_gmt":"2020-10-19T13:52:56","guid":{"rendered":"https:\/\/planova.com\/?page_id=3311"},"modified":"2022-03-24T10:15:00","modified_gmt":"2022-03-24T10:15:00","slug":"a-propos-de-nous","status":"publish","type":"page","link":"https:\/\/planova.com\/fr\/a-propos-de-nous\/","title":{"rendered":"\u00c0 PROPOS DE NOUS"},"content":{"rendered":"","protected":false},"excerpt":{"rendered":"","protected":false},"author":1,"featured_media":0,"parent":0,"menu_order":0,"comment_status":"closed","ping_status":"closed","template":"","meta":[],"yst_prominent_words":[10,9,11],"yoast_head":"<!-- This site is optimized with the Yoast SEO Premium plugin v14.2 - https:\/\/yoast.com\/wordpress\/plugins\/seo\/ -->\n<title>A propos de nous: Syst\u00e8mes de magasin, Planificateurs d&#039;espace<\/title>\n<meta name=\"description\" content=\"Vous souhaitez savoir comment est n\u00e9 ce fournisseur de syst\u00e8mes de rayonnage et d&#039;agencement de magasins de reconnu mondialement? Alors permettez-nous d&#039;\u00eatre l&#039;humble narrateur de notre histoire.\" \/>\n<meta name=\"robots\" content=\"index, follow\" \/>\n<meta name=\"googlebot\" content=\"index, follow, max-snippet:-1, max-image-preview:large, max-video-preview:-1\" \/>\n<meta name=\"bingbot\" content=\"index, follow, max-snippet:-1, max-image-preview:large, max-video-preview:-1\" \/>\n<link rel=\"canonical\" href=\"https:\/\/planova.com\/fr\/a-propos-de-nous\/\" \/>\n<meta property=\"og:locale\" content=\"fr_FR\" \/>\n<meta property=\"og:type\" content=\"article\" \/>\n<meta property=\"og:title\" content=\"A propos de nous: Syst\u00e8mes de magasin, Planificateurs d&#039;espace\" \/>\n<meta property=\"og:description\" content=\"Vous souhaitez savoir comment est n\u00e9 ce fournisseur de syst\u00e8mes de rayonnage et d&#039;agencement de magasins de reconnu mondialement? Alors permettez-nous d&#039;\u00eatre l&#039;humble narrateur de notre histoire.\" \/>\n<meta property=\"og:url\" content=\"https:\/\/planova.com\/fr\/a-propos-de-nous\/\" \/>\n<meta property=\"og:site_name\" content=\"Planova\" \/>\n<meta property=\"article:modified_time\" content=\"2022-03-24T10:15:00+00:00\" \/>\n<meta name=\"twitter:card\" content=\"summary_large_image\" \/>\n<script type=\"application\/ld+json\" class=\"yoast-schema-graph\">{\"@context\":\"https:\/\/schema.org\",\"@graph\":[{\"@type\":\"WebSite\",\"@id\":\"https:\/\/planova.com\/fr\/#website\",\"url\":\"https:\/\/planova.com\/fr\/\",\"name\":\"Planova\",\"description\":\"Providing Brand Identity\",\"potentialAction\":[{\"@type\":\"SearchAction\",\"target\":\"https:\/\/planova.com\/fr\/?s={search_term_string}\",\"query-input\":\"required name=search_term_string\"}],\"inLanguage\":\"fr-FR\"},{\"@type\":\"WebPage\",\"@id\":\"https:\/\/planova.com\/fr\/a-propos-de-nous\/#webpage\",\"url\":\"https:\/\/planova.com\/fr\/a-propos-de-nous\/\",\"name\":\"A propos de nous: Syst\\u00e8mes de magasin, Planificateurs d'espace\",\"isPartOf\":{\"@id\":\"https:\/\/planova.com\/fr\/#website\"},\"datePublished\":\"2020-10-19T13:52:56+00:00\",\"dateModified\":\"2022-03-24T10:15:00+00:00\",\"description\":\"Vous souhaitez savoir comment est n\\u00e9 ce fournisseur de syst\\u00e8mes de rayonnage et d'agencement de magasins de reconnu mondialement? Alors permettez-nous d'\\u00eatre l'humble narrateur de notre histoire.\",\"inLanguage\":\"fr-FR\",\"potentialAction\":[{\"@type\":\"ReadAction\",\"target\":[\"https:\/\/planova.com\/fr\/a-propos-de-nous\/\"]}]}]}<\/script>\n<!-- \/ Yoast SEO Premium plugin. -->","_links":{"self":[{"href":"https:\/\/planova.com\/fr\/wp-json\/wp\/v2\/pages\/3311"}],"collection":[{"href":"https:\/\/planova.com\/fr\/wp-json\/wp\/v2\/pages"}],"about":[{"href":"https:\/\/planova.com\/fr\/wp-json\/wp\/v2\/types\/page"}],"author":[{"embeddable":true,"href":"https:\/\/planova.com\/fr\/wp-json\/wp\/v2\/users\/1"}],"replies":[{"embeddable":true,"href":"https:\/\/planova.com\/fr\/wp-json\/wp\/v2\/comments?post=3311"}],"version-history":[{"count":5,"href":"https:\/\/planova.com\/fr\/wp-json\/wp\/v2\/pages\/3311\/revisions"}],"predecessor-version":[{"id":13253,"href":"https:\/\/planova.com\/fr\/wp-json\/wp\/v2\/pages\/3311\/revisions\/13253"}],"wp:attachment":[{"href":"https:\/\/planova.com\/fr\/wp-json\/wp\/v2\/media?parent=3311"}],"wp:term":[{"taxonomy":"yst_prominent_words","embeddable":true,"href":"https:\/\/planova.com\/fr\/wp-json\/wp\/v2\/yst_prominent_words?post=3311"}],"curies":[{"name":"wp","href":"https:\/\/api.w.org\/{rel}","templated":true}]}}