{"id":3278,"date":"2020-10-19T12:11:17","date_gmt":"2020-10-19T12:11:17","guid":{"rendered":"https:\/\/planova.com\/?page_id=3278"},"modified":"2021-05-17T10:29:37","modified_gmt":"2021-05-17T10:29:37","slug":"les-systemes-detagere","status":"publish","type":"page","link":"https:\/\/planova.com\/fr\/nos-competences\/les-systemes-detagere\/","title":{"rendered":"LES SYST\u00c8MES D\u2019\u00c9TAG\u00c8RE"},"content":{"rendered":"","protected":false},"excerpt":{"rendered":"","protected":false},"author":1,"featured_media":0,"parent":3544,"menu_order":0,"comment_status":"closed","ping_status":"closed","template":"","meta":[],"yst_prominent_words":[33],"yoast_head":"<!-- This site is optimized with the Yoast SEO Premium plugin v14.2 - https:\/\/yoast.com\/wordpress\/plugins\/seo\/ -->\n<title>Syst\u00e8mes de magasin, d&#039;agencement de magasin, des syst\u00e8mes d&#039;\u00e9tag\u00e8res<\/title>\n<meta name=\"description\" content=\"Chez Planova, nous pr\u00e9sentons une solution personnalis\u00e9e de haute qualit\u00e9 qui r\u00e9pondrait parfaitement \u00e0 votre besoin de syst\u00e8mes de magasin exquis mais durables.\" \/>\n<meta name=\"robots\" content=\"index, follow\" \/>\n<meta name=\"googlebot\" content=\"index, follow, max-snippet:-1, max-image-preview:large, max-video-preview:-1\" \/>\n<meta name=\"bingbot\" content=\"index, follow, max-snippet:-1, max-image-preview:large, max-video-preview:-1\" \/>\n<link rel=\"canonical\" href=\"https:\/\/planova.com\/fr\/nos-competences\/les-systemes-detagere\/\" \/>\n<meta property=\"og:locale\" content=\"fr_FR\" \/>\n<meta property=\"og:type\" content=\"article\" \/>\n<meta property=\"og:title\" content=\"Syst\u00e8mes de magasin, d&#039;agencement de magasin, des syst\u00e8mes d&#039;\u00e9tag\u00e8res\" \/>\n<meta property=\"og:description\" content=\"Chez Planova, nous pr\u00e9sentons une solution personnalis\u00e9e de haute qualit\u00e9 qui r\u00e9pondrait parfaitement \u00e0 votre besoin de syst\u00e8mes de magasin exquis mais durables.\" \/>\n<meta property=\"og:url\" content=\"https:\/\/planova.com\/fr\/nos-competences\/les-systemes-detagere\/\" \/>\n<meta property=\"og:site_name\" content=\"Planova\" \/>\n<meta property=\"article:modified_time\" content=\"2021-05-17T10:29:37+00:00\" \/>\n<meta name=\"twitter:card\" content=\"summary_large_image\" \/>\n<script type=\"application\/ld+json\" class=\"yoast-schema-graph\">{\"@context\":\"https:\/\/schema.org\",\"@graph\":[{\"@type\":\"WebSite\",\"@id\":\"https:\/\/planova.com\/fr\/#website\",\"url\":\"https:\/\/planova.com\/fr\/\",\"name\":\"Planova\",\"description\":\"Providing Brand Identity\",\"potentialAction\":[{\"@type\":\"SearchAction\",\"target\":\"https:\/\/planova.com\/fr\/?s={search_term_string}\",\"query-input\":\"required name=search_term_string\"}],\"inLanguage\":\"fr-FR\"},{\"@type\":\"WebPage\",\"@id\":\"https:\/\/planova.com\/fr\/nos-competences\/les-systemes-detagere\/#webpage\",\"url\":\"https:\/\/planova.com\/fr\/nos-competences\/les-systemes-detagere\/\",\"name\":\"Syst\\u00e8mes de magasin, d'agencement de magasin, des syst\\u00e8mes d'\\u00e9tag\\u00e8res\",\"isPartOf\":{\"@id\":\"https:\/\/planova.com\/fr\/#website\"},\"datePublished\":\"2020-10-19T12:11:17+00:00\",\"dateModified\":\"2021-05-17T10:29:37+00:00\",\"description\":\"Chez Planova, nous pr\\u00e9sentons une solution personnalis\\u00e9e de haute qualit\\u00e9 qui r\\u00e9pondrait parfaitement \\u00e0 votre besoin de syst\\u00e8mes de magasin exquis mais durables.\",\"inLanguage\":\"fr-FR\",\"potentialAction\":[{\"@type\":\"ReadAction\",\"target\":[\"https:\/\/planova.com\/fr\/nos-competences\/les-systemes-detagere\/\"]}]}]}<\/script>\n<!-- \/ Yoast SEO Premium plugin. -->","_links":{"self":[{"href":"https:\/\/planova.com\/fr\/wp-json\/wp\/v2\/pages\/3278"}],"collection":[{"href":"https:\/\/planova.com\/fr\/wp-json\/wp\/v2\/pages"}],"about":[{"href":"https:\/\/planova.com\/fr\/wp-json\/wp\/v2\/types\/page"}],"author":[{"embeddable":true,"href":"https:\/\/planova.com\/fr\/wp-json\/wp\/v2\/users\/1"}],"replies":[{"embeddable":true,"href":"https:\/\/planova.com\/fr\/wp-json\/wp\/v2\/comments?post=3278"}],"version-history":[{"count":5,"href":"https:\/\/planova.com\/fr\/wp-json\/wp\/v2\/pages\/3278\/revisions"}],"predecessor-version":[{"id":4578,"href":"https:\/\/planova.com\/fr\/wp-json\/wp\/v2\/pages\/3278\/revisions\/4578"}],"up":[{"embeddable":true,"href":"https:\/\/planova.com\/fr\/wp-json\/wp\/v2\/pages\/3544"}],"wp:attachment":[{"href":"https:\/\/planova.com\/fr\/wp-json\/wp\/v2\/media?parent=3278"}],"wp:term":[{"taxonomy":"yst_prominent_words","embeddable":true,"href":"https:\/\/planova.com\/fr\/wp-json\/wp\/v2\/yst_prominent_words?post=3278"}],"curies":[{"name":"wp","href":"https:\/\/api.w.org\/{rel}","templated":true}]}}