{"id":3259,"date":"2020-10-19T11:33:16","date_gmt":"2020-10-19T11:33:16","guid":{"rendered":"https:\/\/planova.com\/?page_id=3259"},"modified":"2021-05-17T10:09:15","modified_gmt":"2021-05-17T10:09:15","slug":"recherche","status":"publish","type":"page","link":"https:\/\/planova.com\/fr\/nos-competences\/recherche\/","title":{"rendered":"RECHERCHE"},"content":{"rendered":"","protected":false},"excerpt":{"rendered":"","protected":false},"author":1,"featured_media":0,"parent":3544,"menu_order":0,"comment_status":"closed","ping_status":"closed","template":"","meta":[],"yst_prominent_words":[33],"yoast_head":"<!-- This site is optimized with the Yoast SEO Premium plugin v14.2 - https:\/\/yoast.com\/wordpress\/plugins\/seo\/ -->\n<title>Am\u00e9nagement de magasin, pr\u00e9sentoir de vente au d\u00e9tail, rayonnage de vente au d\u00e9tail - Planova<\/title>\n<meta name=\"description\" content=\"Notre \u00e9quipe interne de recherche et d&#039;innovation effectue une analyse approfondie du concept de votre marque gr\u00e2ce \u00e0 des recherches compl\u00e8tes sur le march\u00e9 et les concurrents et \u00e0 des visites de sites.\" \/>\n<meta name=\"robots\" content=\"index, follow\" \/>\n<meta name=\"googlebot\" content=\"index, follow, max-snippet:-1, max-image-preview:large, max-video-preview:-1\" \/>\n<meta name=\"bingbot\" content=\"index, follow, max-snippet:-1, max-image-preview:large, max-video-preview:-1\" \/>\n<link rel=\"canonical\" href=\"https:\/\/planova.com\/fr\/nos-competences\/recherche\/\" \/>\n<meta property=\"og:locale\" content=\"fr_FR\" \/>\n<meta property=\"og:type\" content=\"article\" \/>\n<meta property=\"og:title\" content=\"Am\u00e9nagement de magasin, pr\u00e9sentoir de vente au d\u00e9tail, rayonnage de vente au d\u00e9tail - Planova\" \/>\n<meta property=\"og:description\" content=\"Notre \u00e9quipe interne de recherche et d&#039;innovation effectue une analyse approfondie du concept de votre marque gr\u00e2ce \u00e0 des recherches compl\u00e8tes sur le march\u00e9 et les concurrents et \u00e0 des visites de sites.\" \/>\n<meta property=\"og:url\" content=\"https:\/\/planova.com\/fr\/nos-competences\/recherche\/\" \/>\n<meta property=\"og:site_name\" content=\"Planova\" \/>\n<meta property=\"article:modified_time\" content=\"2021-05-17T10:09:15+00:00\" \/>\n<meta name=\"twitter:card\" content=\"summary_large_image\" \/>\n<script type=\"application\/ld+json\" class=\"yoast-schema-graph\">{\"@context\":\"https:\/\/schema.org\",\"@graph\":[{\"@type\":\"WebSite\",\"@id\":\"https:\/\/planova.com\/fr\/#website\",\"url\":\"https:\/\/planova.com\/fr\/\",\"name\":\"Planova\",\"description\":\"Providing Brand Identity\",\"potentialAction\":[{\"@type\":\"SearchAction\",\"target\":\"https:\/\/planova.com\/fr\/?s={search_term_string}\",\"query-input\":\"required name=search_term_string\"}],\"inLanguage\":\"fr-FR\"},{\"@type\":\"WebPage\",\"@id\":\"https:\/\/planova.com\/fr\/nos-competences\/recherche\/#webpage\",\"url\":\"https:\/\/planova.com\/fr\/nos-competences\/recherche\/\",\"name\":\"Am\\u00e9nagement de magasin, pr\\u00e9sentoir de vente au d\\u00e9tail, rayonnage de vente au d\\u00e9tail - Planova\",\"isPartOf\":{\"@id\":\"https:\/\/planova.com\/fr\/#website\"},\"datePublished\":\"2020-10-19T11:33:16+00:00\",\"dateModified\":\"2021-05-17T10:09:15+00:00\",\"description\":\"Notre \\u00e9quipe interne de recherche et d'innovation effectue une analyse approfondie du concept de votre marque gr\\u00e2ce \\u00e0 des recherches compl\\u00e8tes sur le march\\u00e9 et les concurrents et \\u00e0 des visites de sites.\",\"inLanguage\":\"fr-FR\",\"potentialAction\":[{\"@type\":\"ReadAction\",\"target\":[\"https:\/\/planova.com\/fr\/nos-competences\/recherche\/\"]}]}]}<\/script>\n<!-- \/ Yoast SEO Premium plugin. -->","_links":{"self":[{"href":"https:\/\/planova.com\/fr\/wp-json\/wp\/v2\/pages\/3259"}],"collection":[{"href":"https:\/\/planova.com\/fr\/wp-json\/wp\/v2\/pages"}],"about":[{"href":"https:\/\/planova.com\/fr\/wp-json\/wp\/v2\/types\/page"}],"author":[{"embeddable":true,"href":"https:\/\/planova.com\/fr\/wp-json\/wp\/v2\/users\/1"}],"replies":[{"embeddable":true,"href":"https:\/\/planova.com\/fr\/wp-json\/wp\/v2\/comments?post=3259"}],"version-history":[{"count":4,"href":"https:\/\/planova.com\/fr\/wp-json\/wp\/v2\/pages\/3259\/revisions"}],"predecessor-version":[{"id":4681,"href":"https:\/\/planova.com\/fr\/wp-json\/wp\/v2\/pages\/3259\/revisions\/4681"}],"up":[{"embeddable":true,"href":"https:\/\/planova.com\/fr\/wp-json\/wp\/v2\/pages\/3544"}],"wp:attachment":[{"href":"https:\/\/planova.com\/fr\/wp-json\/wp\/v2\/media?parent=3259"}],"wp:term":[{"taxonomy":"yst_prominent_words","embeddable":true,"href":"https:\/\/planova.com\/fr\/wp-json\/wp\/v2\/yst_prominent_words?post=3259"}],"curies":[{"name":"wp","href":"https:\/\/api.w.org\/{rel}","templated":true}]}}