{"id":3226,"date":"2020-10-19T10:43:35","date_gmt":"2020-10-19T10:43:35","guid":{"rendered":"https:\/\/planova.com\/?page_id=3226"},"modified":"2021-05-17T11:13:44","modified_gmt":"2021-05-17T11:13:44","slug":"environnement","status":"publish","type":"page","link":"https:\/\/planova.com\/fr\/environnement\/","title":{"rendered":"ENVIRONNEMENT"},"content":{"rendered":"","protected":false},"excerpt":{"rendered":"","protected":false},"author":1,"featured_media":0,"parent":0,"menu_order":0,"comment_status":"closed","ping_status":"closed","template":"","meta":[],"yst_prominent_words":[33],"yoast_head":"<!-- This site is optimized with the Yoast SEO Premium plugin v14.2 - https:\/\/yoast.com\/wordpress\/plugins\/seo\/ -->\n<title>Planova: une entreprise soucieuse de l&#039;environnement | solutions rayonnage<\/title>\n<meta name=\"description\" content=\"En tant qu&#039;entreprise soucieuse de l&#039;environnement, Planova adh\u00e8re sans r\u00e9serve \u00e0 toutes les \u00e9thiques et principes qui tournent autour de la notion de respect de l&#039;environnement.\" \/>\n<meta name=\"robots\" content=\"index, follow\" \/>\n<meta name=\"googlebot\" content=\"index, follow, max-snippet:-1, max-image-preview:large, max-video-preview:-1\" \/>\n<meta name=\"bingbot\" content=\"index, follow, max-snippet:-1, max-image-preview:large, max-video-preview:-1\" \/>\n<link rel=\"canonical\" href=\"https:\/\/planova.com\/fr\/environnement\/\" \/>\n<meta property=\"og:locale\" content=\"fr_FR\" \/>\n<meta property=\"og:type\" content=\"article\" \/>\n<meta property=\"og:title\" content=\"Planova: une entreprise soucieuse de l&#039;environnement | solutions rayonnage\" \/>\n<meta property=\"og:description\" content=\"En tant qu&#039;entreprise soucieuse de l&#039;environnement, Planova adh\u00e8re sans r\u00e9serve \u00e0 toutes les \u00e9thiques et principes qui tournent autour de la notion de respect de l&#039;environnement.\" \/>\n<meta property=\"og:url\" content=\"https:\/\/planova.com\/fr\/environnement\/\" \/>\n<meta property=\"og:site_name\" content=\"Planova\" \/>\n<meta property=\"article:modified_time\" content=\"2021-05-17T11:13:44+00:00\" \/>\n<meta name=\"twitter:card\" content=\"summary_large_image\" \/>\n<script type=\"application\/ld+json\" class=\"yoast-schema-graph\">{\"@context\":\"https:\/\/schema.org\",\"@graph\":[{\"@type\":\"WebSite\",\"@id\":\"https:\/\/planova.com\/fr\/#website\",\"url\":\"https:\/\/planova.com\/fr\/\",\"name\":\"Planova\",\"description\":\"Providing Brand Identity\",\"potentialAction\":[{\"@type\":\"SearchAction\",\"target\":\"https:\/\/planova.com\/fr\/?s={search_term_string}\",\"query-input\":\"required name=search_term_string\"}],\"inLanguage\":\"fr-FR\"},{\"@type\":\"WebPage\",\"@id\":\"https:\/\/planova.com\/fr\/environnement\/#webpage\",\"url\":\"https:\/\/planova.com\/fr\/environnement\/\",\"name\":\"Planova: une entreprise soucieuse de l'environnement | solutions rayonnage\",\"isPartOf\":{\"@id\":\"https:\/\/planova.com\/fr\/#website\"},\"datePublished\":\"2020-10-19T10:43:35+00:00\",\"dateModified\":\"2021-05-17T11:13:44+00:00\",\"description\":\"En tant qu'entreprise soucieuse de l'environnement, Planova adh\\u00e8re sans r\\u00e9serve \\u00e0 toutes les \\u00e9thiques et principes qui tournent autour de la notion de respect de l'environnement.\",\"inLanguage\":\"fr-FR\",\"potentialAction\":[{\"@type\":\"ReadAction\",\"target\":[\"https:\/\/planova.com\/fr\/environnement\/\"]}]}]}<\/script>\n<!-- \/ Yoast SEO Premium plugin. -->","_links":{"self":[{"href":"https:\/\/planova.com\/fr\/wp-json\/wp\/v2\/pages\/3226"}],"collection":[{"href":"https:\/\/planova.com\/fr\/wp-json\/wp\/v2\/pages"}],"about":[{"href":"https:\/\/planova.com\/fr\/wp-json\/wp\/v2\/types\/page"}],"author":[{"embeddable":true,"href":"https:\/\/planova.com\/fr\/wp-json\/wp\/v2\/users\/1"}],"replies":[{"embeddable":true,"href":"https:\/\/planova.com\/fr\/wp-json\/wp\/v2\/comments?post=3226"}],"version-history":[{"count":4,"href":"https:\/\/planova.com\/fr\/wp-json\/wp\/v2\/pages\/3226\/revisions"}],"predecessor-version":[{"id":3350,"href":"https:\/\/planova.com\/fr\/wp-json\/wp\/v2\/pages\/3226\/revisions\/3350"}],"wp:attachment":[{"href":"https:\/\/planova.com\/fr\/wp-json\/wp\/v2\/media?parent=3226"}],"wp:term":[{"taxonomy":"yst_prominent_words","embeddable":true,"href":"https:\/\/planova.com\/fr\/wp-json\/wp\/v2\/yst_prominent_words?post=3226"}],"curies":[{"name":"wp","href":"https:\/\/api.w.org\/{rel}","templated":true}]}}