{"id":3206,"date":"2020-10-19T10:04:30","date_gmt":"2020-10-19T10:04:30","guid":{"rendered":"https:\/\/planova.com\/?page_id=3206"},"modified":"2025-09-15T07:03:19","modified_gmt":"2025-09-15T07:03:19","slug":"nous-contacter","status":"publish","type":"page","link":"https:\/\/planova.com\/fr\/nous-contacter\/","title":{"rendered":"Nous Contacter"},"content":{"rendered":"","protected":false},"excerpt":{"rendered":"","protected":false},"author":1,"featured_media":0,"parent":0,"menu_order":0,"comment_status":"closed","ping_status":"closed","template":"","meta":[],"yst_prominent_words":[76,33],"yoast_head":"<!-- This site is optimized with the Yoast SEO Premium plugin v14.2 - https:\/\/yoast.com\/wordpress\/plugins\/seo\/ -->\n<title>Contactez-nous: Accessoires de magasin et syst\u00e8mes de rayonnage<\/title>\n<meta name=\"description\" content=\"Souhaitez-vous entendre les experts de premier plan en mati\u00e8re d&#039;accessoires de magasin et de syst\u00e8mes de rayonnage? Alors contactez-nous par e-mail, t\u00e9l\u00e9phone ou en remplissant vos coordonn\u00e9es sur notre site Web.\" \/>\n<meta name=\"robots\" content=\"index, follow\" \/>\n<meta name=\"googlebot\" content=\"index, follow, max-snippet:-1, max-image-preview:large, max-video-preview:-1\" \/>\n<meta name=\"bingbot\" content=\"index, follow, max-snippet:-1, max-image-preview:large, max-video-preview:-1\" \/>\n<link rel=\"canonical\" href=\"https:\/\/planova.com\/fr\/nous-contacter\/\" \/>\n<meta property=\"og:locale\" content=\"fr_FR\" \/>\n<meta property=\"og:type\" content=\"article\" \/>\n<meta property=\"og:title\" content=\"Contactez-nous: Accessoires de magasin et syst\u00e8mes de rayonnage\" \/>\n<meta property=\"og:description\" content=\"Souhaitez-vous entendre les experts de premier plan en mati\u00e8re d&#039;accessoires de magasin et de syst\u00e8mes de rayonnage? Alors contactez-nous par e-mail, t\u00e9l\u00e9phone ou en remplissant vos coordonn\u00e9es sur notre site Web.\" \/>\n<meta property=\"og:url\" content=\"https:\/\/planova.com\/fr\/nous-contacter\/\" \/>\n<meta property=\"og:site_name\" content=\"Planova\" \/>\n<meta property=\"article:modified_time\" content=\"2025-09-15T07:03:19+00:00\" \/>\n<meta name=\"twitter:card\" content=\"summary_large_image\" \/>\n<script type=\"application\/ld+json\" class=\"yoast-schema-graph\">{\"@context\":\"https:\/\/schema.org\",\"@graph\":[{\"@type\":\"WebSite\",\"@id\":\"https:\/\/planova.com\/fr\/#website\",\"url\":\"https:\/\/planova.com\/fr\/\",\"name\":\"Planova\",\"description\":\"Providing Brand Identity\",\"potentialAction\":[{\"@type\":\"SearchAction\",\"target\":\"https:\/\/planova.com\/fr\/?s={search_term_string}\",\"query-input\":\"required name=search_term_string\"}],\"inLanguage\":\"fr-FR\"},{\"@type\":\"WebPage\",\"@id\":\"https:\/\/planova.com\/fr\/nous-contacter\/#webpage\",\"url\":\"https:\/\/planova.com\/fr\/nous-contacter\/\",\"name\":\"Contactez-nous: Accessoires de magasin et syst\\u00e8mes de rayonnage\",\"isPartOf\":{\"@id\":\"https:\/\/planova.com\/fr\/#website\"},\"datePublished\":\"2020-10-19T10:04:30+00:00\",\"dateModified\":\"2025-09-15T07:03:19+00:00\",\"description\":\"Souhaitez-vous entendre les experts de premier plan en mati\\u00e8re d'accessoires de magasin et de syst\\u00e8mes de rayonnage? Alors contactez-nous par e-mail, t\\u00e9l\\u00e9phone ou en remplissant vos coordonn\\u00e9es sur notre site Web.\",\"inLanguage\":\"fr-FR\",\"potentialAction\":[{\"@type\":\"ReadAction\",\"target\":[\"https:\/\/planova.com\/fr\/nous-contacter\/\"]}]}]}<\/script>\n<!-- \/ Yoast SEO Premium plugin. -->","_links":{"self":[{"href":"https:\/\/planova.com\/fr\/wp-json\/wp\/v2\/pages\/3206"}],"collection":[{"href":"https:\/\/planova.com\/fr\/wp-json\/wp\/v2\/pages"}],"about":[{"href":"https:\/\/planova.com\/fr\/wp-json\/wp\/v2\/types\/page"}],"author":[{"embeddable":true,"href":"https:\/\/planova.com\/fr\/wp-json\/wp\/v2\/users\/1"}],"replies":[{"embeddable":true,"href":"https:\/\/planova.com\/fr\/wp-json\/wp\/v2\/comments?post=3206"}],"version-history":[{"count":5,"href":"https:\/\/planova.com\/fr\/wp-json\/wp\/v2\/pages\/3206\/revisions"}],"predecessor-version":[{"id":13568,"href":"https:\/\/planova.com\/fr\/wp-json\/wp\/v2\/pages\/3206\/revisions\/13568"}],"wp:attachment":[{"href":"https:\/\/planova.com\/fr\/wp-json\/wp\/v2\/media?parent=3206"}],"wp:term":[{"taxonomy":"yst_prominent_words","embeddable":true,"href":"https:\/\/planova.com\/fr\/wp-json\/wp\/v2\/yst_prominent_words?post=3206"}],"curies":[{"name":"wp","href":"https:\/\/api.w.org\/{rel}","templated":true}]}}