{"id":3585,"date":"2020-10-21T07:20:13","date_gmt":"2020-10-21T07:20:13","guid":{"rendered":"https:\/\/planova.com\/?page_id=3585"},"modified":"2021-05-17T07:28:09","modified_gmt":"2021-05-17T07:28:09","slug":"markenbildung-werbung-losungen","status":"publish","type":"page","link":"https:\/\/planova.com\/de\/unsere-kompetenzen\/markenbildung-werbung-losungen\/","title":{"rendered":"Markenbildung Werbung L\u00f6sungen"},"content":{"rendered":"","protected":false},"excerpt":{"rendered":"","protected":false},"author":1,"featured_media":0,"parent":3549,"menu_order":0,"comment_status":"closed","ping_status":"closed","template":"","meta":[],"yst_prominent_words":[33],"yoast_head":"<!-- This site is optimized with the Yoast SEO Premium plugin v14.2 - https:\/\/yoast.com\/wordpress\/plugins\/seo\/ -->\n<title>Marken- und Beschilderungsl\u00f6sungen, L\u00f6sungen f\u00fcr Ladeneinrichtung, Einzelhandelsdisplays<\/title>\n<meta name=\"description\" content=\"Bei Planova verf\u00fcgen wir \u00fcber ein hohes Know-how in Bezug auf Branding- und Beschilderungsl\u00f6sungen. Unsere einzigartigen Markenideen und -designs werden Ihre Marke f\u00fcr Ihre Kunden deutlich machen.\" \/>\n<meta name=\"robots\" content=\"index, follow\" \/>\n<meta name=\"googlebot\" content=\"index, follow, max-snippet:-1, max-image-preview:large, max-video-preview:-1\" \/>\n<meta name=\"bingbot\" content=\"index, follow, max-snippet:-1, max-image-preview:large, max-video-preview:-1\" \/>\n<link rel=\"canonical\" href=\"https:\/\/planova.com\/de\/unsere-kompetenzen\/markenbildung-werbung-losungen\/\" \/>\n<meta property=\"og:locale\" content=\"de_DE\" \/>\n<meta property=\"og:type\" content=\"article\" \/>\n<meta property=\"og:title\" content=\"Marken- und Beschilderungsl\u00f6sungen, L\u00f6sungen f\u00fcr Ladeneinrichtung, Einzelhandelsdisplays\" \/>\n<meta property=\"og:description\" content=\"Bei Planova verf\u00fcgen wir \u00fcber ein hohes Know-how in Bezug auf Branding- und Beschilderungsl\u00f6sungen. Unsere einzigartigen Markenideen und -designs werden Ihre Marke f\u00fcr Ihre Kunden deutlich machen.\" \/>\n<meta property=\"og:url\" content=\"https:\/\/planova.com\/de\/unsere-kompetenzen\/markenbildung-werbung-losungen\/\" \/>\n<meta property=\"og:site_name\" content=\"Planova\" \/>\n<meta property=\"article:modified_time\" content=\"2021-05-17T07:28:09+00:00\" \/>\n<meta name=\"twitter:card\" content=\"summary_large_image\" \/>\n<script type=\"application\/ld+json\" class=\"yoast-schema-graph\">{\"@context\":\"https:\/\/schema.org\",\"@graph\":[{\"@type\":\"WebSite\",\"@id\":\"https:\/\/planova.com\/de\/#website\",\"url\":\"https:\/\/planova.com\/de\/\",\"name\":\"Planova\",\"description\":\"Providing Brand Identity\",\"potentialAction\":[{\"@type\":\"SearchAction\",\"target\":\"https:\/\/planova.com\/de\/?s={search_term_string}\",\"query-input\":\"required name=search_term_string\"}],\"inLanguage\":\"de\"},{\"@type\":\"WebPage\",\"@id\":\"https:\/\/planova.com\/de\/unsere-kompetenzen\/markenbildung-werbung-losungen\/#webpage\",\"url\":\"https:\/\/planova.com\/de\/unsere-kompetenzen\/markenbildung-werbung-losungen\/\",\"name\":\"Marken- und Beschilderungsl\\u00f6sungen, L\\u00f6sungen f\\u00fcr Ladeneinrichtung, Einzelhandelsdisplays\",\"isPartOf\":{\"@id\":\"https:\/\/planova.com\/de\/#website\"},\"datePublished\":\"2020-10-21T07:20:13+00:00\",\"dateModified\":\"2021-05-17T07:28:09+00:00\",\"description\":\"Bei Planova verf\\u00fcgen wir \\u00fcber ein hohes Know-how in Bezug auf Branding- und Beschilderungsl\\u00f6sungen. Unsere einzigartigen Markenideen und -designs werden Ihre Marke f\\u00fcr Ihre Kunden deutlich machen.\",\"inLanguage\":\"de\",\"potentialAction\":[{\"@type\":\"ReadAction\",\"target\":[\"https:\/\/planova.com\/de\/unsere-kompetenzen\/markenbildung-werbung-losungen\/\"]}]}]}<\/script>\n<!-- \/ Yoast SEO Premium plugin. -->","_links":{"self":[{"href":"https:\/\/planova.com\/de\/wp-json\/wp\/v2\/pages\/3585"}],"collection":[{"href":"https:\/\/planova.com\/de\/wp-json\/wp\/v2\/pages"}],"about":[{"href":"https:\/\/planova.com\/de\/wp-json\/wp\/v2\/types\/page"}],"author":[{"embeddable":true,"href":"https:\/\/planova.com\/de\/wp-json\/wp\/v2\/users\/1"}],"replies":[{"embeddable":true,"href":"https:\/\/planova.com\/de\/wp-json\/wp\/v2\/comments?post=3585"}],"version-history":[{"count":6,"href":"https:\/\/planova.com\/de\/wp-json\/wp\/v2\/pages\/3585\/revisions"}],"predecessor-version":[{"id":8671,"href":"https:\/\/planova.com\/de\/wp-json\/wp\/v2\/pages\/3585\/revisions\/8671"}],"up":[{"embeddable":true,"href":"https:\/\/planova.com\/de\/wp-json\/wp\/v2\/pages\/3549"}],"wp:attachment":[{"href":"https:\/\/planova.com\/de\/wp-json\/wp\/v2\/media?parent=3585"}],"wp:term":[{"taxonomy":"yst_prominent_words","embeddable":true,"href":"https:\/\/planova.com\/de\/wp-json\/wp\/v2\/yst_prominent_words?post=3585"}],"curies":[{"name":"wp","href":"https:\/\/api.w.org\/{rel}","templated":true}]}}