{"id":3520,"date":"2020-10-21T05:27:47","date_gmt":"2020-10-21T05:27:47","guid":{"rendered":"https:\/\/planova.com\/?page_id=3520"},"modified":"2021-05-17T06:50:01","modified_gmt":"2021-05-17T06:50:01","slug":"produktion","status":"publish","type":"page","link":"https:\/\/planova.com\/de\/unsere-kompetenzen\/produktion\/","title":{"rendered":"PRODUKTION"},"content":{"rendered":"","protected":false},"excerpt":{"rendered":"","protected":false},"author":1,"featured_media":0,"parent":3549,"menu_order":0,"comment_status":"closed","ping_status":"closed","template":"","meta":[],"yst_prominent_words":[33],"yoast_head":"<!-- This site is optimized with the Yoast SEO Premium plugin v14.2 - https:\/\/yoast.com\/wordpress\/plugins\/seo\/ -->\n<title>Produktion: Ladenbau, Regale, Shop-Systeme, kundenspezifische L\u00f6sungen und Design<\/title>\n<meta name=\"description\" content=\"Die zertifizierten Produktionsst\u00e4tten von Planova sind mit den neuesten Maschinen und Fachkr\u00e4ften ausgestattet und damit einer der besten Hersteller von Ladenbaul\u00f6sungen und Regalensystemen.\" \/>\n<meta name=\"robots\" content=\"index, follow\" \/>\n<meta name=\"googlebot\" content=\"index, follow, max-snippet:-1, max-image-preview:large, max-video-preview:-1\" \/>\n<meta name=\"bingbot\" content=\"index, follow, max-snippet:-1, max-image-preview:large, max-video-preview:-1\" \/>\n<link rel=\"canonical\" href=\"https:\/\/planova.com\/de\/unsere-kompetenzen\/produktion\/\" \/>\n<meta property=\"og:locale\" content=\"de_DE\" \/>\n<meta property=\"og:type\" content=\"article\" \/>\n<meta property=\"og:title\" content=\"Produktion: Ladenbau, Regale, Shop-Systeme, kundenspezifische L\u00f6sungen und Design\" \/>\n<meta property=\"og:description\" content=\"Die zertifizierten Produktionsst\u00e4tten von Planova sind mit den neuesten Maschinen und Fachkr\u00e4ften ausgestattet und damit einer der besten Hersteller von Ladenbaul\u00f6sungen und Regalensystemen.\" \/>\n<meta property=\"og:url\" content=\"https:\/\/planova.com\/de\/unsere-kompetenzen\/produktion\/\" \/>\n<meta property=\"og:site_name\" content=\"Planova\" \/>\n<meta property=\"article:modified_time\" content=\"2021-05-17T06:50:01+00:00\" \/>\n<meta name=\"twitter:card\" content=\"summary_large_image\" \/>\n<script type=\"application\/ld+json\" class=\"yoast-schema-graph\">{\"@context\":\"https:\/\/schema.org\",\"@graph\":[{\"@type\":\"WebSite\",\"@id\":\"https:\/\/planova.com\/de\/#website\",\"url\":\"https:\/\/planova.com\/de\/\",\"name\":\"Planova\",\"description\":\"Providing Brand Identity\",\"potentialAction\":[{\"@type\":\"SearchAction\",\"target\":\"https:\/\/planova.com\/de\/?s={search_term_string}\",\"query-input\":\"required name=search_term_string\"}],\"inLanguage\":\"de\"},{\"@type\":\"WebPage\",\"@id\":\"https:\/\/planova.com\/de\/unsere-kompetenzen\/produktion\/#webpage\",\"url\":\"https:\/\/planova.com\/de\/unsere-kompetenzen\/produktion\/\",\"name\":\"Produktion: Ladenbau, Regale, Shop-Systeme, kundenspezifische L\\u00f6sungen und Design\",\"isPartOf\":{\"@id\":\"https:\/\/planova.com\/de\/#website\"},\"datePublished\":\"2020-10-21T05:27:47+00:00\",\"dateModified\":\"2021-05-17T06:50:01+00:00\",\"description\":\"Die zertifizierten Produktionsst\\u00e4tten von Planova sind mit den neuesten Maschinen und Fachkr\\u00e4ften ausgestattet und damit einer der besten Hersteller von Ladenbaul\\u00f6sungen und Regalensystemen.\",\"inLanguage\":\"de\",\"potentialAction\":[{\"@type\":\"ReadAction\",\"target\":[\"https:\/\/planova.com\/de\/unsere-kompetenzen\/produktion\/\"]}]}]}<\/script>\n<!-- \/ Yoast SEO Premium plugin. -->","_links":{"self":[{"href":"https:\/\/planova.com\/de\/wp-json\/wp\/v2\/pages\/3520"}],"collection":[{"href":"https:\/\/planova.com\/de\/wp-json\/wp\/v2\/pages"}],"about":[{"href":"https:\/\/planova.com\/de\/wp-json\/wp\/v2\/types\/page"}],"author":[{"embeddable":true,"href":"https:\/\/planova.com\/de\/wp-json\/wp\/v2\/users\/1"}],"replies":[{"embeddable":true,"href":"https:\/\/planova.com\/de\/wp-json\/wp\/v2\/comments?post=3520"}],"version-history":[{"count":5,"href":"https:\/\/planova.com\/de\/wp-json\/wp\/v2\/pages\/3520\/revisions"}],"predecessor-version":[{"id":4604,"href":"https:\/\/planova.com\/de\/wp-json\/wp\/v2\/pages\/3520\/revisions\/4604"}],"up":[{"embeddable":true,"href":"https:\/\/planova.com\/de\/wp-json\/wp\/v2\/pages\/3549"}],"wp:attachment":[{"href":"https:\/\/planova.com\/de\/wp-json\/wp\/v2\/media?parent=3520"}],"wp:term":[{"taxonomy":"yst_prominent_words","embeddable":true,"href":"https:\/\/planova.com\/de\/wp-json\/wp\/v2\/yst_prominent_words?post=3520"}],"curies":[{"name":"wp","href":"https:\/\/api.w.org\/{rel}","templated":true}]}}