{"id":3491,"date":"2020-10-20T20:30:45","date_gmt":"2020-10-20T20:30:45","guid":{"rendered":"https:\/\/planova.com\/?page_id=3491"},"modified":"2022-01-24T12:17:54","modified_gmt":"2022-01-24T12:17:54","slug":"oeffentliche-einrichtungen","status":"publish","type":"page","link":"https:\/\/planova.com\/de\/geschaftsbereiche\/oeffentliche-einrichtungen\/","title":{"rendered":"oeffentliche Einrichtungen"},"content":{"rendered":"","protected":false},"excerpt":{"rendered":"","protected":false},"author":1,"featured_media":0,"parent":3248,"menu_order":0,"comment_status":"closed","ping_status":"closed","template":"","meta":[],"yst_prominent_words":[117,78,33],"yoast_head":"<!-- This site is optimized with the Yoast SEO Premium plugin v14.2 - https:\/\/yoast.com\/wordpress\/plugins\/seo\/ -->\n<title>oeffentliche-Einrichtungen | Fraumplanung | Ladenbau | Verkaufsdisplay<\/title>\n<meta name=\"description\" content=\"Unsere Ladenbau- und Regall\u00f6sungen f\u00fcr den \u00f6ffentlichen Raum sind ein perfektes Beispiel f\u00fcr bezaubernde Eleganz, die sich mit \u00fcberlegener Haltbarkeit verbindet.\" \/>\n<meta name=\"robots\" content=\"index, follow\" \/>\n<meta name=\"googlebot\" content=\"index, follow, max-snippet:-1, max-image-preview:large, max-video-preview:-1\" \/>\n<meta name=\"bingbot\" content=\"index, follow, max-snippet:-1, max-image-preview:large, max-video-preview:-1\" \/>\n<link rel=\"canonical\" href=\"https:\/\/planova.com\/de\/geschaftsbereiche\/oeffentliche-einrichtungen\/\" \/>\n<meta property=\"og:locale\" content=\"de_DE\" \/>\n<meta property=\"og:type\" content=\"article\" \/>\n<meta property=\"og:title\" content=\"oeffentliche-Einrichtungen | Fraumplanung | Ladenbau | Verkaufsdisplay\" \/>\n<meta property=\"og:description\" content=\"Unsere Ladenbau- und Regall\u00f6sungen f\u00fcr den \u00f6ffentlichen Raum sind ein perfektes Beispiel f\u00fcr bezaubernde Eleganz, die sich mit \u00fcberlegener Haltbarkeit verbindet.\" \/>\n<meta property=\"og:url\" content=\"https:\/\/planova.com\/de\/geschaftsbereiche\/oeffentliche-einrichtungen\/\" \/>\n<meta property=\"og:site_name\" content=\"Planova\" \/>\n<meta property=\"article:modified_time\" content=\"2022-01-24T12:17:54+00:00\" \/>\n<meta name=\"twitter:card\" content=\"summary_large_image\" \/>\n<script type=\"application\/ld+json\" class=\"yoast-schema-graph\">{\"@context\":\"https:\/\/schema.org\",\"@graph\":[{\"@type\":\"WebSite\",\"@id\":\"https:\/\/planova.com\/de\/#website\",\"url\":\"https:\/\/planova.com\/de\/\",\"name\":\"Planova\",\"description\":\"Providing Brand Identity\",\"potentialAction\":[{\"@type\":\"SearchAction\",\"target\":\"https:\/\/planova.com\/de\/?s={search_term_string}\",\"query-input\":\"required name=search_term_string\"}],\"inLanguage\":\"de\"},{\"@type\":\"WebPage\",\"@id\":\"https:\/\/planova.com\/de\/geschaftsbereiche\/oeffentliche-einrichtungen\/#webpage\",\"url\":\"https:\/\/planova.com\/de\/geschaftsbereiche\/oeffentliche-einrichtungen\/\",\"name\":\"oeffentliche-Einrichtungen | Fraumplanung | Ladenbau | Verkaufsdisplay\",\"isPartOf\":{\"@id\":\"https:\/\/planova.com\/de\/#website\"},\"datePublished\":\"2020-10-20T20:30:45+00:00\",\"dateModified\":\"2022-01-24T12:17:54+00:00\",\"description\":\"Unsere Ladenbau- und Regall\\u00f6sungen f\\u00fcr den \\u00f6ffentlichen Raum sind ein perfektes Beispiel f\\u00fcr bezaubernde Eleganz, die sich mit \\u00fcberlegener Haltbarkeit verbindet.\",\"inLanguage\":\"de\",\"potentialAction\":[{\"@type\":\"ReadAction\",\"target\":[\"https:\/\/planova.com\/de\/geschaftsbereiche\/oeffentliche-einrichtungen\/\"]}]}]}<\/script>\n<!-- \/ Yoast SEO Premium plugin. -->","_links":{"self":[{"href":"https:\/\/planova.com\/de\/wp-json\/wp\/v2\/pages\/3491"}],"collection":[{"href":"https:\/\/planova.com\/de\/wp-json\/wp\/v2\/pages"}],"about":[{"href":"https:\/\/planova.com\/de\/wp-json\/wp\/v2\/types\/page"}],"author":[{"embeddable":true,"href":"https:\/\/planova.com\/de\/wp-json\/wp\/v2\/users\/1"}],"replies":[{"embeddable":true,"href":"https:\/\/planova.com\/de\/wp-json\/wp\/v2\/comments?post=3491"}],"version-history":[{"count":5,"href":"https:\/\/planova.com\/de\/wp-json\/wp\/v2\/pages\/3491\/revisions"}],"predecessor-version":[{"id":13236,"href":"https:\/\/planova.com\/de\/wp-json\/wp\/v2\/pages\/3491\/revisions\/13236"}],"up":[{"embeddable":true,"href":"https:\/\/planova.com\/de\/wp-json\/wp\/v2\/pages\/3248"}],"wp:attachment":[{"href":"https:\/\/planova.com\/de\/wp-json\/wp\/v2\/media?parent=3491"}],"wp:term":[{"taxonomy":"yst_prominent_words","embeddable":true,"href":"https:\/\/planova.com\/de\/wp-json\/wp\/v2\/yst_prominent_words?post=3491"}],"curies":[{"name":"wp","href":"https:\/\/api.w.org\/{rel}","templated":true}]}}