{"id":3486,"date":"2020-10-20T20:22:22","date_gmt":"2020-10-20T20:22:22","guid":{"rendered":"https:\/\/planova.com\/?page_id=3486"},"modified":"2021-12-03T12:35:37","modified_gmt":"2021-12-03T12:35:37","slug":"lifestyle-einzelhandel","status":"publish","type":"page","link":"https:\/\/planova.com\/de\/geschaftsbereiche\/lifestyle-einzelhandel\/","title":{"rendered":"LIFESTYLE EINZELHANDEL"},"content":{"rendered":"","protected":false},"excerpt":{"rendered":"","protected":false},"author":1,"featured_media":0,"parent":3248,"menu_order":0,"comment_status":"closed","ping_status":"closed","template":"","meta":[],"yst_prominent_words":[],"yoast_head":"<!-- This site is optimized with the Yoast SEO Premium plugin v14.2 - https:\/\/yoast.com\/wordpress\/plugins\/seo\/ -->\n<title>Lifestyle-Einzelhandel: Einzelhandel-Optimierung, Einzelhandels-Produkte<\/title>\n<meta name=\"description\" content=\"Die innovativen Ladenbau- und Systemkomponenten von Planova eignen sich perfekt f\u00fcr Lifestyle-Einzelhandelsgesch\u00e4fte, in denen eine vertriebsf\u00f6rdende Pr\u00e4sentation der Produkte sehr wichtig ist.\" \/>\n<meta name=\"robots\" content=\"index, follow\" \/>\n<meta name=\"googlebot\" content=\"index, follow, max-snippet:-1, max-image-preview:large, max-video-preview:-1\" \/>\n<meta name=\"bingbot\" content=\"index, follow, max-snippet:-1, max-image-preview:large, max-video-preview:-1\" \/>\n<link rel=\"canonical\" href=\"https:\/\/planova.com\/de\/geschaftsbereiche\/lifestyle-einzelhandel\/\" \/>\n<meta property=\"og:locale\" content=\"de_DE\" \/>\n<meta property=\"og:type\" content=\"article\" \/>\n<meta property=\"og:title\" content=\"Lifestyle-Einzelhandel: Einzelhandel-Optimierung, Einzelhandels-Produkte\" \/>\n<meta property=\"og:description\" content=\"Die innovativen Ladenbau- und Systemkomponenten von Planova eignen sich perfekt f\u00fcr Lifestyle-Einzelhandelsgesch\u00e4fte, in denen eine vertriebsf\u00f6rdende Pr\u00e4sentation der Produkte sehr wichtig ist.\" \/>\n<meta property=\"og:url\" content=\"https:\/\/planova.com\/de\/geschaftsbereiche\/lifestyle-einzelhandel\/\" \/>\n<meta property=\"og:site_name\" content=\"Planova\" \/>\n<meta property=\"article:modified_time\" content=\"2021-12-03T12:35:37+00:00\" \/>\n<meta name=\"twitter:card\" content=\"summary_large_image\" \/>\n<script type=\"application\/ld+json\" class=\"yoast-schema-graph\">{\"@context\":\"https:\/\/schema.org\",\"@graph\":[{\"@type\":\"WebSite\",\"@id\":\"https:\/\/planova.com\/de\/#website\",\"url\":\"https:\/\/planova.com\/de\/\",\"name\":\"Planova\",\"description\":\"Providing Brand Identity\",\"potentialAction\":[{\"@type\":\"SearchAction\",\"target\":\"https:\/\/planova.com\/de\/?s={search_term_string}\",\"query-input\":\"required name=search_term_string\"}],\"inLanguage\":\"de\"},{\"@type\":\"WebPage\",\"@id\":\"https:\/\/planova.com\/de\/geschaftsbereiche\/lifestyle-einzelhandel\/#webpage\",\"url\":\"https:\/\/planova.com\/de\/geschaftsbereiche\/lifestyle-einzelhandel\/\",\"name\":\"Lifestyle-Einzelhandel: Einzelhandel-Optimierung, Einzelhandels-Produkte\",\"isPartOf\":{\"@id\":\"https:\/\/planova.com\/de\/#website\"},\"datePublished\":\"2020-10-20T20:22:22+00:00\",\"dateModified\":\"2021-12-03T12:35:37+00:00\",\"description\":\"Die innovativen Ladenbau- und Systemkomponenten von Planova eignen sich perfekt f\\u00fcr Lifestyle-Einzelhandelsgesch\\u00e4fte, in denen eine vertriebsf\\u00f6rdende Pr\\u00e4sentation der Produkte sehr wichtig ist.\",\"inLanguage\":\"de\",\"potentialAction\":[{\"@type\":\"ReadAction\",\"target\":[\"https:\/\/planova.com\/de\/geschaftsbereiche\/lifestyle-einzelhandel\/\"]}]}]}<\/script>\n<!-- \/ Yoast SEO Premium plugin. -->","_links":{"self":[{"href":"https:\/\/planova.com\/de\/wp-json\/wp\/v2\/pages\/3486"}],"collection":[{"href":"https:\/\/planova.com\/de\/wp-json\/wp\/v2\/pages"}],"about":[{"href":"https:\/\/planova.com\/de\/wp-json\/wp\/v2\/types\/page"}],"author":[{"embeddable":true,"href":"https:\/\/planova.com\/de\/wp-json\/wp\/v2\/users\/1"}],"replies":[{"embeddable":true,"href":"https:\/\/planova.com\/de\/wp-json\/wp\/v2\/comments?post=3486"}],"version-history":[{"count":5,"href":"https:\/\/planova.com\/de\/wp-json\/wp\/v2\/pages\/3486\/revisions"}],"predecessor-version":[{"id":13139,"href":"https:\/\/planova.com\/de\/wp-json\/wp\/v2\/pages\/3486\/revisions\/13139"}],"up":[{"embeddable":true,"href":"https:\/\/planova.com\/de\/wp-json\/wp\/v2\/pages\/3248"}],"wp:attachment":[{"href":"https:\/\/planova.com\/de\/wp-json\/wp\/v2\/media?parent=3486"}],"wp:term":[{"taxonomy":"yst_prominent_words","embeddable":true,"href":"https:\/\/planova.com\/de\/wp-json\/wp\/v2\/yst_prominent_words?post=3486"}],"curies":[{"name":"wp","href":"https:\/\/api.w.org\/{rel}","templated":true}]}}