{"id":3298,"date":"2020-10-19T13:22:51","date_gmt":"2020-10-19T13:22:51","guid":{"rendered":"https:\/\/planova.com\/?page_id=3298"},"modified":"2021-11-29T13:40:55","modified_gmt":"2021-11-29T13:40:55","slug":"ladenbau-hersteller","status":"publish","type":"page","link":"https:\/\/planova.com\/de\/","title":{"rendered":"Zuhause"},"content":{"rendered":"","protected":false},"excerpt":{"rendered":"","protected":false},"author":1,"featured_media":0,"parent":0,"menu_order":0,"comment_status":"closed","ping_status":"open","template":"","meta":[],"yst_prominent_words":[],"yoast_head":"<!-- This site is optimized with the Yoast SEO Premium plugin v14.2 - https:\/\/yoast.com\/wordpress\/plugins\/seo\/ -->\n<title>Planova : Germany | Ladenbau | Verkaufsdisplay | Ladenbau Hersteller<\/title>\n<meta name=\"description\" content=\"Planova ist f\u00fchrender Anbieter von Ladeneinrichtungen, Ladeneinrichtungen, Regalmanagementsystemen, Supermarktausr\u00fcstungen und besten Raumplanern auf dem europ\u00e4ischen Kontinent.\" \/>\n<meta name=\"robots\" content=\"index, follow\" \/>\n<meta name=\"googlebot\" content=\"index, follow, max-snippet:-1, max-image-preview:large, max-video-preview:-1\" \/>\n<meta name=\"bingbot\" content=\"index, follow, max-snippet:-1, max-image-preview:large, max-video-preview:-1\" \/>\n<link rel=\"canonical\" href=\"https:\/\/planova.com\/de\/\" \/>\n<meta property=\"og:locale\" content=\"de_DE\" \/>\n<meta property=\"og:type\" content=\"article\" \/>\n<meta property=\"og:title\" content=\"Planova : Germany | Ladenbau | Verkaufsdisplay | Ladenbau Hersteller\" \/>\n<meta property=\"og:description\" content=\"Planova ist f\u00fchrender Anbieter von Ladeneinrichtungen, Ladeneinrichtungen, Regalmanagementsystemen, Supermarktausr\u00fcstungen und besten Raumplanern auf dem europ\u00e4ischen Kontinent.\" \/>\n<meta property=\"og:url\" content=\"https:\/\/planova.com\/de\/\" \/>\n<meta property=\"og:site_name\" content=\"Planova\" \/>\n<meta property=\"article:modified_time\" content=\"2021-11-29T13:40:55+00:00\" \/>\n<meta name=\"twitter:card\" content=\"summary_large_image\" \/>\n<script type=\"application\/ld+json\" class=\"yoast-schema-graph\">{\"@context\":\"https:\/\/schema.org\",\"@graph\":[{\"@type\":\"WebSite\",\"@id\":\"https:\/\/planova.com\/de\/#website\",\"url\":\"https:\/\/planova.com\/de\/\",\"name\":\"Planova\",\"description\":\"Providing Brand Identity\",\"potentialAction\":[{\"@type\":\"SearchAction\",\"target\":\"https:\/\/planova.com\/de\/?s={search_term_string}\",\"query-input\":\"required name=search_term_string\"}],\"inLanguage\":\"de\"},{\"@type\":\"WebPage\",\"@id\":\"https:\/\/planova.com\/de\/#webpage\",\"url\":\"https:\/\/planova.com\/de\/\",\"name\":\"Planova : Germany | Ladenbau | Verkaufsdisplay | Ladenbau Hersteller\",\"isPartOf\":{\"@id\":\"https:\/\/planova.com\/de\/#website\"},\"datePublished\":\"2020-10-19T13:22:51+00:00\",\"dateModified\":\"2021-11-29T13:40:55+00:00\",\"description\":\"Planova ist f\\u00fchrender Anbieter von Ladeneinrichtungen, Ladeneinrichtungen, Regalmanagementsystemen, Supermarktausr\\u00fcstungen und besten Raumplanern auf dem europ\\u00e4ischen Kontinent.\",\"inLanguage\":\"de\",\"potentialAction\":[{\"@type\":\"ReadAction\",\"target\":[\"https:\/\/planova.com\/de\/\"]}]}]}<\/script>\n<!-- \/ Yoast SEO Premium plugin. -->","_links":{"self":[{"href":"https:\/\/planova.com\/de\/wp-json\/wp\/v2\/pages\/3298"}],"collection":[{"href":"https:\/\/planova.com\/de\/wp-json\/wp\/v2\/pages"}],"about":[{"href":"https:\/\/planova.com\/de\/wp-json\/wp\/v2\/types\/page"}],"author":[{"embeddable":true,"href":"https:\/\/planova.com\/de\/wp-json\/wp\/v2\/users\/1"}],"replies":[{"embeddable":true,"href":"https:\/\/planova.com\/de\/wp-json\/wp\/v2\/comments?post=3298"}],"version-history":[{"count":5,"href":"https:\/\/planova.com\/de\/wp-json\/wp\/v2\/pages\/3298\/revisions"}],"predecessor-version":[{"id":13003,"href":"https:\/\/planova.com\/de\/wp-json\/wp\/v2\/pages\/3298\/revisions\/13003"}],"wp:attachment":[{"href":"https:\/\/planova.com\/de\/wp-json\/wp\/v2\/media?parent=3298"}],"wp:term":[{"taxonomy":"yst_prominent_words","embeddable":true,"href":"https:\/\/planova.com\/de\/wp-json\/wp\/v2\/yst_prominent_words?post=3298"}],"curies":[{"name":"wp","href":"https:\/\/api.w.org\/{rel}","templated":true}]}}