{"id":3248,"date":"2020-10-19T11:13:20","date_gmt":"2020-10-19T11:13:20","guid":{"rendered":"https:\/\/planova.com\/?page_id=3248"},"modified":"2021-12-03T12:28:34","modified_gmt":"2021-12-03T12:28:34","slug":"geschaftsbereiche","status":"publish","type":"page","link":"https:\/\/planova.com\/de\/geschaftsbereiche\/","title":{"rendered":"Gesch\u00e4ftsbereiche"},"content":{"rendered":"","protected":false},"excerpt":{"rendered":"","protected":false},"author":1,"featured_media":0,"parent":0,"menu_order":0,"comment_status":"closed","ping_status":"closed","template":"","meta":[],"yst_prominent_words":[78],"yoast_head":"<!-- This site is optimized with the Yoast SEO Premium plugin v14.2 - https:\/\/yoast.com\/wordpress\/plugins\/seo\/ -->\n<title>Gesch\u00e4ftsbereiche - \u00d6ffentliche Einrichtungen, Branchen, Einzelhandel<\/title>\n<meta name=\"description\" content=\"Planova bietet ma\u00dfgeschneiderte Ladenbau- und Regall\u00f6sungen f\u00fcr die Bereiche Convenience &amp; Lebensmittel Einzelhandel, \u00d6ffentliche Einrichtungen.\" \/>\n<meta name=\"robots\" content=\"index, follow\" \/>\n<meta name=\"googlebot\" content=\"index, follow, max-snippet:-1, max-image-preview:large, max-video-preview:-1\" \/>\n<meta name=\"bingbot\" content=\"index, follow, max-snippet:-1, max-image-preview:large, max-video-preview:-1\" \/>\n<link rel=\"canonical\" href=\"https:\/\/planova.com\/de\/geschaftsbereiche\/\" \/>\n<meta property=\"og:locale\" content=\"de_DE\" \/>\n<meta property=\"og:type\" content=\"article\" \/>\n<meta property=\"og:title\" content=\"Gesch\u00e4ftsbereiche - \u00d6ffentliche Einrichtungen, Branchen, Einzelhandel\" \/>\n<meta property=\"og:description\" content=\"Planova bietet ma\u00dfgeschneiderte Ladenbau- und Regall\u00f6sungen f\u00fcr die Bereiche Convenience &amp; Lebensmittel Einzelhandel, \u00d6ffentliche Einrichtungen.\" \/>\n<meta property=\"og:url\" content=\"https:\/\/planova.com\/de\/geschaftsbereiche\/\" \/>\n<meta property=\"og:site_name\" content=\"Planova\" \/>\n<meta property=\"article:modified_time\" content=\"2021-12-03T12:28:34+00:00\" \/>\n<meta name=\"twitter:card\" content=\"summary_large_image\" \/>\n<script type=\"application\/ld+json\" class=\"yoast-schema-graph\">{\"@context\":\"https:\/\/schema.org\",\"@graph\":[{\"@type\":\"WebSite\",\"@id\":\"https:\/\/planova.com\/de\/#website\",\"url\":\"https:\/\/planova.com\/de\/\",\"name\":\"Planova\",\"description\":\"Providing Brand Identity\",\"potentialAction\":[{\"@type\":\"SearchAction\",\"target\":\"https:\/\/planova.com\/de\/?s={search_term_string}\",\"query-input\":\"required name=search_term_string\"}],\"inLanguage\":\"de\"},{\"@type\":\"WebPage\",\"@id\":\"https:\/\/planova.com\/de\/geschaftsbereiche\/#webpage\",\"url\":\"https:\/\/planova.com\/de\/geschaftsbereiche\/\",\"name\":\"Gesch\\u00e4ftsbereiche - \\u00d6ffentliche Einrichtungen, Branchen, Einzelhandel\",\"isPartOf\":{\"@id\":\"https:\/\/planova.com\/de\/#website\"},\"datePublished\":\"2020-10-19T11:13:20+00:00\",\"dateModified\":\"2021-12-03T12:28:34+00:00\",\"description\":\"Planova bietet ma\\u00dfgeschneiderte Ladenbau- und Regall\\u00f6sungen f\\u00fcr die Bereiche Convenience & Lebensmittel Einzelhandel, \\u00d6ffentliche Einrichtungen.\",\"inLanguage\":\"de\",\"potentialAction\":[{\"@type\":\"ReadAction\",\"target\":[\"https:\/\/planova.com\/de\/geschaftsbereiche\/\"]}]}]}<\/script>\n<!-- \/ Yoast SEO Premium plugin. -->","_links":{"self":[{"href":"https:\/\/planova.com\/de\/wp-json\/wp\/v2\/pages\/3248"}],"collection":[{"href":"https:\/\/planova.com\/de\/wp-json\/wp\/v2\/pages"}],"about":[{"href":"https:\/\/planova.com\/de\/wp-json\/wp\/v2\/types\/page"}],"author":[{"embeddable":true,"href":"https:\/\/planova.com\/de\/wp-json\/wp\/v2\/users\/1"}],"replies":[{"embeddable":true,"href":"https:\/\/planova.com\/de\/wp-json\/wp\/v2\/comments?post=3248"}],"version-history":[{"count":6,"href":"https:\/\/planova.com\/de\/wp-json\/wp\/v2\/pages\/3248\/revisions"}],"predecessor-version":[{"id":13133,"href":"https:\/\/planova.com\/de\/wp-json\/wp\/v2\/pages\/3248\/revisions\/13133"}],"wp:attachment":[{"href":"https:\/\/planova.com\/de\/wp-json\/wp\/v2\/media?parent=3248"}],"wp:term":[{"taxonomy":"yst_prominent_words","embeddable":true,"href":"https:\/\/planova.com\/de\/wp-json\/wp\/v2\/yst_prominent_words?post=3248"}],"curies":[{"name":"wp","href":"https:\/\/api.w.org\/{rel}","templated":true}]}}