{"id":3230,"date":"2020-10-19T10:50:22","date_gmt":"2020-10-19T10:50:22","guid":{"rendered":"https:\/\/planova.com\/?page_id=3230"},"modified":"2021-06-04T13:49:02","modified_gmt":"2021-06-04T13:49:02","slug":"umweltschutz","status":"publish","type":"page","link":"https:\/\/planova.com\/de\/umweltschutz\/","title":{"rendered":"UMWELTSCHUTZ"},"content":{"rendered":"","protected":false},"excerpt":{"rendered":"","protected":false},"author":1,"featured_media":0,"parent":0,"menu_order":0,"comment_status":"closed","ping_status":"closed","template":"","meta":[],"yst_prominent_words":[33],"yoast_head":"<!-- This site is optimized with the Yoast SEO Premium plugin v14.2 - https:\/\/yoast.com\/wordpress\/plugins\/seo\/ -->\n<title>Planova: Ein umweltbewusstes Unternehmen f\u00fcr Ladeneinrichtungen &amp; Regall\u00f6sungen<\/title>\n<meta name=\"description\" content=\"Als umweltbewusstes Unternehmen h\u00e4lt Planova aus \u00dcberzeugung an allen ethischen Belangen und Grunds\u00e4tzen fest, die sich unter Umweltaspekten ergeben.\" \/>\n<meta name=\"robots\" content=\"index, follow\" \/>\n<meta name=\"googlebot\" content=\"index, follow, max-snippet:-1, max-image-preview:large, max-video-preview:-1\" \/>\n<meta name=\"bingbot\" content=\"index, follow, max-snippet:-1, max-image-preview:large, max-video-preview:-1\" \/>\n<link rel=\"canonical\" href=\"https:\/\/planova.com\/de\/umweltschutz\/\" \/>\n<meta property=\"og:locale\" content=\"de_DE\" \/>\n<meta property=\"og:type\" content=\"article\" \/>\n<meta property=\"og:title\" content=\"Planova: Ein umweltbewusstes Unternehmen f\u00fcr Ladeneinrichtungen &amp; Regall\u00f6sungen\" \/>\n<meta property=\"og:description\" content=\"Als umweltbewusstes Unternehmen h\u00e4lt Planova aus \u00dcberzeugung an allen ethischen Belangen und Grunds\u00e4tzen fest, die sich unter Umweltaspekten ergeben.\" \/>\n<meta property=\"og:url\" content=\"https:\/\/planova.com\/de\/umweltschutz\/\" \/>\n<meta property=\"og:site_name\" content=\"Planova\" \/>\n<meta property=\"article:modified_time\" content=\"2021-06-04T13:49:02+00:00\" \/>\n<meta name=\"twitter:card\" content=\"summary_large_image\" \/>\n<script type=\"application\/ld+json\" class=\"yoast-schema-graph\">{\"@context\":\"https:\/\/schema.org\",\"@graph\":[{\"@type\":\"WebSite\",\"@id\":\"https:\/\/planova.com\/de\/#website\",\"url\":\"https:\/\/planova.com\/de\/\",\"name\":\"Planova\",\"description\":\"Providing Brand Identity\",\"potentialAction\":[{\"@type\":\"SearchAction\",\"target\":\"https:\/\/planova.com\/de\/?s={search_term_string}\",\"query-input\":\"required name=search_term_string\"}],\"inLanguage\":\"de\"},{\"@type\":\"WebPage\",\"@id\":\"https:\/\/planova.com\/de\/umweltschutz\/#webpage\",\"url\":\"https:\/\/planova.com\/de\/umweltschutz\/\",\"name\":\"Planova: Ein umweltbewusstes Unternehmen f\\u00fcr Ladeneinrichtungen & Regall\\u00f6sungen\",\"isPartOf\":{\"@id\":\"https:\/\/planova.com\/de\/#website\"},\"datePublished\":\"2020-10-19T10:50:22+00:00\",\"dateModified\":\"2021-06-04T13:49:02+00:00\",\"description\":\"Als umweltbewusstes Unternehmen h\\u00e4lt Planova aus \\u00dcberzeugung an allen ethischen Belangen und Grunds\\u00e4tzen fest, die sich unter Umweltaspekten ergeben.\",\"inLanguage\":\"de\",\"potentialAction\":[{\"@type\":\"ReadAction\",\"target\":[\"https:\/\/planova.com\/de\/umweltschutz\/\"]}]}]}<\/script>\n<!-- \/ Yoast SEO Premium plugin. -->","_links":{"self":[{"href":"https:\/\/planova.com\/de\/wp-json\/wp\/v2\/pages\/3230"}],"collection":[{"href":"https:\/\/planova.com\/de\/wp-json\/wp\/v2\/pages"}],"about":[{"href":"https:\/\/planova.com\/de\/wp-json\/wp\/v2\/types\/page"}],"author":[{"embeddable":true,"href":"https:\/\/planova.com\/de\/wp-json\/wp\/v2\/users\/1"}],"replies":[{"embeddable":true,"href":"https:\/\/planova.com\/de\/wp-json\/wp\/v2\/comments?post=3230"}],"version-history":[{"count":3,"href":"https:\/\/planova.com\/de\/wp-json\/wp\/v2\/pages\/3230\/revisions"}],"predecessor-version":[{"id":3351,"href":"https:\/\/planova.com\/de\/wp-json\/wp\/v2\/pages\/3230\/revisions\/3351"}],"wp:attachment":[{"href":"https:\/\/planova.com\/de\/wp-json\/wp\/v2\/media?parent=3230"}],"wp:term":[{"taxonomy":"yst_prominent_words","embeddable":true,"href":"https:\/\/planova.com\/de\/wp-json\/wp\/v2\/yst_prominent_words?post=3230"}],"curies":[{"name":"wp","href":"https:\/\/api.w.org\/{rel}","templated":true}]}}