{"id":3651,"date":"2020-10-21T11:06:27","date_gmt":"2020-10-21T11:06:27","guid":{"rendered":"https:\/\/planova.com\/?page_id=3651"},"modified":"2021-05-18T06:55:13","modified_gmt":"2021-05-18T06:55:13","slug":"at-soerge-for","status":"publish","type":"page","link":"https:\/\/planova.com\/da\/vores-kompetencer\/at-soerge-for\/","title":{"rendered":"AT S\u00d8RGE FOR"},"content":{"rendered":"","protected":false},"excerpt":{"rendered":"","protected":false},"author":1,"featured_media":0,"parent":3536,"menu_order":0,"comment_status":"closed","ping_status":"closed","template":"","meta":[],"yst_prominent_words":[73,33],"yoast_head":"<!-- This site is optimized with the Yoast SEO Premium plugin v14.2 - https:\/\/yoast.com\/wordpress\/plugins\/seo\/ -->\n<title>butiksinventarsl\u00f8sninger, detaildisplay, kontorinventar, lagerhyldesystem<\/title>\n<meta name=\"description\" content=\"Prototyping og sammens\u00e6tning af protokoncepter til dine projekter er en af de prim\u00e6re specialiteter i Planova. Vi hj\u00e6lper dig med at visualisere projektets endelige struktur.\" \/>\n<meta name=\"robots\" content=\"index, follow\" \/>\n<meta name=\"googlebot\" content=\"index, follow, max-snippet:-1, max-image-preview:large, max-video-preview:-1\" \/>\n<meta name=\"bingbot\" content=\"index, follow, max-snippet:-1, max-image-preview:large, max-video-preview:-1\" \/>\n<link rel=\"canonical\" href=\"https:\/\/planova.com\/da\/vores-kompetencer\/at-soerge-for\/\" \/>\n<meta property=\"og:locale\" content=\"da_DK\" \/>\n<meta property=\"og:type\" content=\"article\" \/>\n<meta property=\"og:title\" content=\"butiksinventarsl\u00f8sninger, detaildisplay, kontorinventar, lagerhyldesystem\" \/>\n<meta property=\"og:description\" content=\"Prototyping og sammens\u00e6tning af protokoncepter til dine projekter er en af de prim\u00e6re specialiteter i Planova. Vi hj\u00e6lper dig med at visualisere projektets endelige struktur.\" \/>\n<meta property=\"og:url\" content=\"https:\/\/planova.com\/da\/vores-kompetencer\/at-soerge-for\/\" \/>\n<meta property=\"og:site_name\" content=\"Planova\" \/>\n<meta property=\"article:modified_time\" content=\"2021-05-18T06:55:13+00:00\" \/>\n<meta name=\"twitter:card\" content=\"summary_large_image\" \/>\n<script type=\"application\/ld+json\" class=\"yoast-schema-graph\">{\"@context\":\"https:\/\/schema.org\",\"@graph\":[{\"@type\":\"WebSite\",\"@id\":\"https:\/\/planova.com\/da\/#website\",\"url\":\"https:\/\/planova.com\/da\/\",\"name\":\"Planova\",\"description\":\"Providing Brand Identity\",\"potentialAction\":[{\"@type\":\"SearchAction\",\"target\":\"https:\/\/planova.com\/da\/?s={search_term_string}\",\"query-input\":\"required name=search_term_string\"}],\"inLanguage\":\"da-DK\"},{\"@type\":\"WebPage\",\"@id\":\"https:\/\/planova.com\/da\/vores-kompetencer\/at-soerge-for\/#webpage\",\"url\":\"https:\/\/planova.com\/da\/vores-kompetencer\/at-soerge-for\/\",\"name\":\"butiksinventarsl\\u00f8sninger, detaildisplay, kontorinventar, lagerhyldesystem\",\"isPartOf\":{\"@id\":\"https:\/\/planova.com\/da\/#website\"},\"datePublished\":\"2020-10-21T11:06:27+00:00\",\"dateModified\":\"2021-05-18T06:55:13+00:00\",\"description\":\"Prototyping og sammens\\u00e6tning af protokoncepter til dine projekter er en af de prim\\u00e6re specialiteter i Planova. Vi hj\\u00e6lper dig med at visualisere projektets endelige struktur.\",\"inLanguage\":\"da-DK\",\"potentialAction\":[{\"@type\":\"ReadAction\",\"target\":[\"https:\/\/planova.com\/da\/vores-kompetencer\/at-soerge-for\/\"]}]}]}<\/script>\n<!-- \/ Yoast SEO Premium plugin. -->","_links":{"self":[{"href":"https:\/\/planova.com\/da\/wp-json\/wp\/v2\/pages\/3651"}],"collection":[{"href":"https:\/\/planova.com\/da\/wp-json\/wp\/v2\/pages"}],"about":[{"href":"https:\/\/planova.com\/da\/wp-json\/wp\/v2\/types\/page"}],"author":[{"embeddable":true,"href":"https:\/\/planova.com\/da\/wp-json\/wp\/v2\/users\/1"}],"replies":[{"embeddable":true,"href":"https:\/\/planova.com\/da\/wp-json\/wp\/v2\/comments?post=3651"}],"version-history":[{"count":5,"href":"https:\/\/planova.com\/da\/wp-json\/wp\/v2\/pages\/3651\/revisions"}],"predecessor-version":[{"id":4694,"href":"https:\/\/planova.com\/da\/wp-json\/wp\/v2\/pages\/3651\/revisions\/4694"}],"up":[{"embeddable":true,"href":"https:\/\/planova.com\/da\/wp-json\/wp\/v2\/pages\/3536"}],"wp:attachment":[{"href":"https:\/\/planova.com\/da\/wp-json\/wp\/v2\/media?parent=3651"}],"wp:term":[{"taxonomy":"yst_prominent_words","embeddable":true,"href":"https:\/\/planova.com\/da\/wp-json\/wp\/v2\/yst_prominent_words?post=3651"}],"curies":[{"name":"wp","href":"https:\/\/api.w.org\/{rel}","templated":true}]}}