{"id":3624,"date":"2020-10-21T08:45:52","date_gmt":"2020-10-21T08:45:52","guid":{"rendered":"https:\/\/planova.com\/?page_id=3624"},"modified":"2021-05-18T06:03:39","modified_gmt":"2021-05-18T06:03:39","slug":"projektledelse","status":"publish","type":"page","link":"https:\/\/planova.com\/da\/vores-kompetencer\/projektledelse\/","title":{"rendered":"PROJEKTLEDELSE"},"content":{"rendered":"","protected":false},"excerpt":{"rendered":"","protected":false},"author":1,"featured_media":0,"parent":3536,"menu_order":0,"comment_status":"closed","ping_status":"closed","template":"","meta":[],"yst_prominent_words":[128,33],"yoast_head":"<!-- This site is optimized with the Yoast SEO Premium plugin v14.2 - https:\/\/yoast.com\/wordpress\/plugins\/seo\/ -->\n<title>Projektledelse: Butiksinventarlager, kontorinventar, display detailbutikker<\/title>\n<meta name=\"description\" content=\"Planova udm\u00e6rker sig i kunsten at f\u00e5 succes med projektledelse. Fra indk\u00f8b af r\u00e5materialer til endelig udrulning implementerer vi dine projekter med succes.\" \/>\n<meta name=\"robots\" content=\"index, follow\" \/>\n<meta name=\"googlebot\" content=\"index, follow, max-snippet:-1, max-image-preview:large, max-video-preview:-1\" \/>\n<meta name=\"bingbot\" content=\"index, follow, max-snippet:-1, max-image-preview:large, max-video-preview:-1\" \/>\n<link rel=\"canonical\" href=\"https:\/\/planova.com\/da\/vores-kompetencer\/projektledelse\/\" \/>\n<meta property=\"og:locale\" content=\"da_DK\" \/>\n<meta property=\"og:type\" content=\"article\" \/>\n<meta property=\"og:title\" content=\"Projektledelse: Butiksinventarlager, kontorinventar, display detailbutikker\" \/>\n<meta property=\"og:description\" content=\"Planova udm\u00e6rker sig i kunsten at f\u00e5 succes med projektledelse. Fra indk\u00f8b af r\u00e5materialer til endelig udrulning implementerer vi dine projekter med succes.\" \/>\n<meta property=\"og:url\" content=\"https:\/\/planova.com\/da\/vores-kompetencer\/projektledelse\/\" \/>\n<meta property=\"og:site_name\" content=\"Planova\" \/>\n<meta property=\"article:modified_time\" content=\"2021-05-18T06:03:39+00:00\" \/>\n<meta name=\"twitter:card\" content=\"summary_large_image\" \/>\n<script type=\"application\/ld+json\" class=\"yoast-schema-graph\">{\"@context\":\"https:\/\/schema.org\",\"@graph\":[{\"@type\":\"WebSite\",\"@id\":\"https:\/\/planova.com\/da\/#website\",\"url\":\"https:\/\/planova.com\/da\/\",\"name\":\"Planova\",\"description\":\"Providing Brand Identity\",\"potentialAction\":[{\"@type\":\"SearchAction\",\"target\":\"https:\/\/planova.com\/da\/?s={search_term_string}\",\"query-input\":\"required name=search_term_string\"}],\"inLanguage\":\"da-DK\"},{\"@type\":\"WebPage\",\"@id\":\"https:\/\/planova.com\/da\/vores-kompetencer\/projektledelse\/#webpage\",\"url\":\"https:\/\/planova.com\/da\/vores-kompetencer\/projektledelse\/\",\"name\":\"Projektledelse: Butiksinventarlager, kontorinventar, display detailbutikker\",\"isPartOf\":{\"@id\":\"https:\/\/planova.com\/da\/#website\"},\"datePublished\":\"2020-10-21T08:45:52+00:00\",\"dateModified\":\"2021-05-18T06:03:39+00:00\",\"description\":\"Planova udm\\u00e6rker sig i kunsten at f\\u00e5 succes med projektledelse. Fra indk\\u00f8b af r\\u00e5materialer til endelig udrulning implementerer vi dine projekter med succes.\",\"inLanguage\":\"da-DK\",\"potentialAction\":[{\"@type\":\"ReadAction\",\"target\":[\"https:\/\/planova.com\/da\/vores-kompetencer\/projektledelse\/\"]}]}]}<\/script>\n<!-- \/ Yoast SEO Premium plugin. -->","_links":{"self":[{"href":"https:\/\/planova.com\/da\/wp-json\/wp\/v2\/pages\/3624"}],"collection":[{"href":"https:\/\/planova.com\/da\/wp-json\/wp\/v2\/pages"}],"about":[{"href":"https:\/\/planova.com\/da\/wp-json\/wp\/v2\/types\/page"}],"author":[{"embeddable":true,"href":"https:\/\/planova.com\/da\/wp-json\/wp\/v2\/users\/1"}],"replies":[{"embeddable":true,"href":"https:\/\/planova.com\/da\/wp-json\/wp\/v2\/comments?post=3624"}],"version-history":[{"count":4,"href":"https:\/\/planova.com\/da\/wp-json\/wp\/v2\/pages\/3624\/revisions"}],"predecessor-version":[{"id":4596,"href":"https:\/\/planova.com\/da\/wp-json\/wp\/v2\/pages\/3624\/revisions\/4596"}],"up":[{"embeddable":true,"href":"https:\/\/planova.com\/da\/wp-json\/wp\/v2\/pages\/3536"}],"wp:attachment":[{"href":"https:\/\/planova.com\/da\/wp-json\/wp\/v2\/media?parent=3624"}],"wp:term":[{"taxonomy":"yst_prominent_words","embeddable":true,"href":"https:\/\/planova.com\/da\/wp-json\/wp\/v2\/yst_prominent_words?post=3624"}],"curies":[{"name":"wp","href":"https:\/\/api.w.org\/{rel}","templated":true}]}}