{"id":3622,"date":"2020-10-21T08:44:53","date_gmt":"2020-10-21T08:44:53","guid":{"rendered":"https:\/\/planova.com\/?page_id=3622"},"modified":"2021-05-28T07:35:31","modified_gmt":"2021-05-28T07:35:31","slug":"lager-logistik","status":"publish","type":"page","link":"https:\/\/planova.com\/da\/vores-kompetencer\/lager-logistik\/","title":{"rendered":"PROJEKTLEDELSE"},"content":{"rendered":"","protected":false},"excerpt":{"rendered":"","protected":false},"author":1,"featured_media":0,"parent":3536,"menu_order":0,"comment_status":"closed","ping_status":"closed","template":"","meta":[],"yst_prominent_words":[33],"yoast_head":"<!-- This site is optimized with the Yoast SEO Premium plugin v14.2 - https:\/\/yoast.com\/wordpress\/plugins\/seo\/ -->\n<title>Warehouse &amp; Logistic: butiksinventar lagerreoler, lager butik system<\/title>\n<meta name=\"description\" content=\"Planova er et f\u00f8rende navn inden for Lager og Logistik. Vores st\u00e6rke globale partnerskab giver os mulighed for at udm\u00e6rke sig ved verdensomsp\u00e6ndende levering og transport.\" \/>\n<meta name=\"robots\" content=\"index, follow\" \/>\n<meta name=\"googlebot\" content=\"index, follow, max-snippet:-1, max-image-preview:large, max-video-preview:-1\" \/>\n<meta name=\"bingbot\" content=\"index, follow, max-snippet:-1, max-image-preview:large, max-video-preview:-1\" \/>\n<link rel=\"canonical\" href=\"https:\/\/planova.com\/da\/vores-kompetencer\/lager-logistik\/\" \/>\n<meta property=\"og:locale\" content=\"da_DK\" \/>\n<meta property=\"og:type\" content=\"article\" \/>\n<meta property=\"og:title\" content=\"Warehouse &amp; Logistic: butiksinventar lagerreoler, lager butik system\" \/>\n<meta property=\"og:description\" content=\"Planova er et f\u00f8rende navn inden for Lager og Logistik. Vores st\u00e6rke globale partnerskab giver os mulighed for at udm\u00e6rke sig ved verdensomsp\u00e6ndende levering og transport.\" \/>\n<meta property=\"og:url\" content=\"https:\/\/planova.com\/da\/vores-kompetencer\/lager-logistik\/\" \/>\n<meta property=\"og:site_name\" content=\"Planova\" \/>\n<meta property=\"article:modified_time\" content=\"2021-05-28T07:35:31+00:00\" \/>\n<meta name=\"twitter:card\" content=\"summary_large_image\" \/>\n<script type=\"application\/ld+json\" class=\"yoast-schema-graph\">{\"@context\":\"https:\/\/schema.org\",\"@graph\":[{\"@type\":\"WebSite\",\"@id\":\"https:\/\/planova.com\/da\/#website\",\"url\":\"https:\/\/planova.com\/da\/\",\"name\":\"Planova\",\"description\":\"Providing Brand Identity\",\"potentialAction\":[{\"@type\":\"SearchAction\",\"target\":\"https:\/\/planova.com\/da\/?s={search_term_string}\",\"query-input\":\"required name=search_term_string\"}],\"inLanguage\":\"da-DK\"},{\"@type\":\"WebPage\",\"@id\":\"https:\/\/planova.com\/da\/vores-kompetencer\/lager-logistik\/#webpage\",\"url\":\"https:\/\/planova.com\/da\/vores-kompetencer\/lager-logistik\/\",\"name\":\"Warehouse & Logistic: butiksinventar lagerreoler, lager butik system\",\"isPartOf\":{\"@id\":\"https:\/\/planova.com\/da\/#website\"},\"datePublished\":\"2020-10-21T08:44:53+00:00\",\"dateModified\":\"2021-05-28T07:35:31+00:00\",\"description\":\"Planova er et f\\u00f8rende navn inden for Lager og Logistik. Vores st\\u00e6rke globale partnerskab giver os mulighed for at udm\\u00e6rke sig ved verdensomsp\\u00e6ndende levering og transport.\",\"inLanguage\":\"da-DK\",\"potentialAction\":[{\"@type\":\"ReadAction\",\"target\":[\"https:\/\/planova.com\/da\/vores-kompetencer\/lager-logistik\/\"]}]}]}<\/script>\n<!-- \/ Yoast SEO Premium plugin. -->","_links":{"self":[{"href":"https:\/\/planova.com\/da\/wp-json\/wp\/v2\/pages\/3622"}],"collection":[{"href":"https:\/\/planova.com\/da\/wp-json\/wp\/v2\/pages"}],"about":[{"href":"https:\/\/planova.com\/da\/wp-json\/wp\/v2\/types\/page"}],"author":[{"embeddable":true,"href":"https:\/\/planova.com\/da\/wp-json\/wp\/v2\/users\/1"}],"replies":[{"embeddable":true,"href":"https:\/\/planova.com\/da\/wp-json\/wp\/v2\/comments?post=3622"}],"version-history":[{"count":5,"href":"https:\/\/planova.com\/da\/wp-json\/wp\/v2\/pages\/3622\/revisions"}],"predecessor-version":[{"id":4561,"href":"https:\/\/planova.com\/da\/wp-json\/wp\/v2\/pages\/3622\/revisions\/4561"}],"up":[{"embeddable":true,"href":"https:\/\/planova.com\/da\/wp-json\/wp\/v2\/pages\/3536"}],"wp:attachment":[{"href":"https:\/\/planova.com\/da\/wp-json\/wp\/v2\/media?parent=3622"}],"wp:term":[{"taxonomy":"yst_prominent_words","embeddable":true,"href":"https:\/\/planova.com\/da\/wp-json\/wp\/v2\/yst_prominent_words?post=3622"}],"curies":[{"name":"wp","href":"https:\/\/api.w.org\/{rel}","templated":true}]}}