{"id":3403,"date":"2020-10-20T12:41:36","date_gmt":"2020-10-20T12:41:36","guid":{"rendered":"https:\/\/planova.com\/?page_id=3403"},"modified":"2021-05-18T06:21:12","modified_gmt":"2021-05-18T06:21:12","slug":"butiksystemer","status":"publish","type":"page","link":"https:\/\/planova.com\/da\/vores-kompetencer\/butiksystemer\/","title":{"rendered":"BUTIKSYSTEMER"},"content":{"rendered":"","protected":false},"excerpt":{"rendered":"","protected":false},"author":1,"featured_media":0,"parent":3536,"menu_order":0,"comment_status":"closed","ping_status":"closed","template":"","meta":[],"yst_prominent_words":[],"yoast_head":"<!-- This site is optimized with the Yoast SEO Premium plugin v14.2 - https:\/\/yoast.com\/wordpress\/plugins\/seo\/ -->\n<title>Butikssystemer, design af butiksindretning, hyldesystemindustri, butiksdisp<\/title>\n<meta name=\"description\" content=\"Vi i Planova pr\u00e6senterer skr\u00e6ddersyet l\u00f8sning af h\u00f8j kvalitet, der passer perfekt til dine behov for stilfulde, men holdbare butikssystemer.\" \/>\n<meta name=\"robots\" content=\"index, follow\" \/>\n<meta name=\"googlebot\" content=\"index, follow, max-snippet:-1, max-image-preview:large, max-video-preview:-1\" \/>\n<meta name=\"bingbot\" content=\"index, follow, max-snippet:-1, max-image-preview:large, max-video-preview:-1\" \/>\n<link rel=\"canonical\" href=\"https:\/\/planova.com\/da\/vores-kompetencer\/butiksystemer\/\" \/>\n<meta property=\"og:locale\" content=\"da_DK\" \/>\n<meta property=\"og:type\" content=\"article\" \/>\n<meta property=\"og:title\" content=\"Butikssystemer, design af butiksindretning, hyldesystemindustri, butiksdisp\" \/>\n<meta property=\"og:description\" content=\"Vi i Planova pr\u00e6senterer skr\u00e6ddersyet l\u00f8sning af h\u00f8j kvalitet, der passer perfekt til dine behov for stilfulde, men holdbare butikssystemer.\" \/>\n<meta property=\"og:url\" content=\"https:\/\/planova.com\/da\/vores-kompetencer\/butiksystemer\/\" \/>\n<meta property=\"og:site_name\" content=\"Planova\" \/>\n<meta property=\"article:modified_time\" content=\"2021-05-18T06:21:12+00:00\" \/>\n<meta name=\"twitter:card\" content=\"summary_large_image\" \/>\n<script type=\"application\/ld+json\" class=\"yoast-schema-graph\">{\"@context\":\"https:\/\/schema.org\",\"@graph\":[{\"@type\":\"WebSite\",\"@id\":\"https:\/\/planova.com\/da\/#website\",\"url\":\"https:\/\/planova.com\/da\/\",\"name\":\"Planova\",\"description\":\"Providing Brand Identity\",\"potentialAction\":[{\"@type\":\"SearchAction\",\"target\":\"https:\/\/planova.com\/da\/?s={search_term_string}\",\"query-input\":\"required name=search_term_string\"}],\"inLanguage\":\"da-DK\"},{\"@type\":\"WebPage\",\"@id\":\"https:\/\/planova.com\/da\/vores-kompetencer\/butiksystemer\/#webpage\",\"url\":\"https:\/\/planova.com\/da\/vores-kompetencer\/butiksystemer\/\",\"name\":\"Butikssystemer, design af butiksindretning, hyldesystemindustri, butiksdisp\",\"isPartOf\":{\"@id\":\"https:\/\/planova.com\/da\/#website\"},\"datePublished\":\"2020-10-20T12:41:36+00:00\",\"dateModified\":\"2021-05-18T06:21:12+00:00\",\"description\":\"Vi i Planova pr\\u00e6senterer skr\\u00e6ddersyet l\\u00f8sning af h\\u00f8j kvalitet, der passer perfekt til dine behov for stilfulde, men holdbare butikssystemer.\",\"inLanguage\":\"da-DK\",\"potentialAction\":[{\"@type\":\"ReadAction\",\"target\":[\"https:\/\/planova.com\/da\/vores-kompetencer\/butiksystemer\/\"]}]}]}<\/script>\n<!-- \/ Yoast SEO Premium plugin. -->","_links":{"self":[{"href":"https:\/\/planova.com\/da\/wp-json\/wp\/v2\/pages\/3403"}],"collection":[{"href":"https:\/\/planova.com\/da\/wp-json\/wp\/v2\/pages"}],"about":[{"href":"https:\/\/planova.com\/da\/wp-json\/wp\/v2\/types\/page"}],"author":[{"embeddable":true,"href":"https:\/\/planova.com\/da\/wp-json\/wp\/v2\/users\/1"}],"replies":[{"embeddable":true,"href":"https:\/\/planova.com\/da\/wp-json\/wp\/v2\/comments?post=3403"}],"version-history":[{"count":4,"href":"https:\/\/planova.com\/da\/wp-json\/wp\/v2\/pages\/3403\/revisions"}],"predecessor-version":[{"id":4651,"href":"https:\/\/planova.com\/da\/wp-json\/wp\/v2\/pages\/3403\/revisions\/4651"}],"up":[{"embeddable":true,"href":"https:\/\/planova.com\/da\/wp-json\/wp\/v2\/pages\/3536"}],"wp:attachment":[{"href":"https:\/\/planova.com\/da\/wp-json\/wp\/v2\/media?parent=3403"}],"wp:term":[{"taxonomy":"yst_prominent_words","embeddable":true,"href":"https:\/\/planova.com\/da\/wp-json\/wp\/v2\/yst_prominent_words?post=3403"}],"curies":[{"name":"wp","href":"https:\/\/api.w.org\/{rel}","templated":true}]}}