{"id":3399,"date":"2020-10-20T12:31:54","date_gmt":"2020-10-20T12:31:54","guid":{"rendered":"https:\/\/planova.com\/?page_id=3399"},"modified":"2021-05-18T05:34:49","modified_gmt":"2021-05-18T05:34:49","slug":"forskning","status":"publish","type":"page","link":"https:\/\/planova.com\/da\/vores-kompetencer\/forskning\/","title":{"rendered":"FORSKNING"},"content":{"rendered":"","protected":false},"excerpt":{"rendered":"","protected":false},"author":1,"featured_media":0,"parent":3536,"menu_order":0,"comment_status":"closed","ping_status":"closed","template":"","meta":[],"yst_prominent_words":[218,33],"yoast_head":"<!-- This site is optimized with the Yoast SEO Premium plugin v14.2 - https:\/\/yoast.com\/wordpress\/plugins\/seo\/ -->\n<title>Forskning, innovation og udvikling: Butiksinventar, detaildisplay, detailreoler<\/title>\n<meta name=\"description\" content=\"Vores interne forsknings- og innovationsteam udf\u00f8rer en grundig konceptanalyse af dit brand gennem alsidig markeds- og konkurrentunders\u00f8gelse samt bes\u00f8g p\u00e5 stedet.\" \/>\n<meta name=\"robots\" content=\"index, follow\" \/>\n<meta name=\"googlebot\" content=\"index, follow, max-snippet:-1, max-image-preview:large, max-video-preview:-1\" \/>\n<meta name=\"bingbot\" content=\"index, follow, max-snippet:-1, max-image-preview:large, max-video-preview:-1\" \/>\n<link rel=\"canonical\" href=\"https:\/\/planova.com\/da\/vores-kompetencer\/forskning\/\" \/>\n<meta property=\"og:locale\" content=\"da_DK\" \/>\n<meta property=\"og:type\" content=\"article\" \/>\n<meta property=\"og:title\" content=\"Forskning, innovation og udvikling: Butiksinventar, detaildisplay, detailreoler\" \/>\n<meta property=\"og:description\" content=\"Vores interne forsknings- og innovationsteam udf\u00f8rer en grundig konceptanalyse af dit brand gennem alsidig markeds- og konkurrentunders\u00f8gelse samt bes\u00f8g p\u00e5 stedet.\" \/>\n<meta property=\"og:url\" content=\"https:\/\/planova.com\/da\/vores-kompetencer\/forskning\/\" \/>\n<meta property=\"og:site_name\" content=\"Planova\" \/>\n<meta property=\"article:modified_time\" content=\"2021-05-18T05:34:49+00:00\" \/>\n<meta name=\"twitter:card\" content=\"summary_large_image\" \/>\n<script type=\"application\/ld+json\" class=\"yoast-schema-graph\">{\"@context\":\"https:\/\/schema.org\",\"@graph\":[{\"@type\":\"WebSite\",\"@id\":\"https:\/\/planova.com\/da\/#website\",\"url\":\"https:\/\/planova.com\/da\/\",\"name\":\"Planova\",\"description\":\"Providing Brand Identity\",\"potentialAction\":[{\"@type\":\"SearchAction\",\"target\":\"https:\/\/planova.com\/da\/?s={search_term_string}\",\"query-input\":\"required name=search_term_string\"}],\"inLanguage\":\"da-DK\"},{\"@type\":\"WebPage\",\"@id\":\"https:\/\/planova.com\/da\/vores-kompetencer\/forskning\/#webpage\",\"url\":\"https:\/\/planova.com\/da\/vores-kompetencer\/forskning\/\",\"name\":\"Forskning, innovation og udvikling: Butiksinventar, detaildisplay, detailreoler\",\"isPartOf\":{\"@id\":\"https:\/\/planova.com\/da\/#website\"},\"datePublished\":\"2020-10-20T12:31:54+00:00\",\"dateModified\":\"2021-05-18T05:34:49+00:00\",\"description\":\"Vores interne forsknings- og innovationsteam udf\\u00f8rer en grundig konceptanalyse af dit brand gennem alsidig markeds- og konkurrentunders\\u00f8gelse samt bes\\u00f8g p\\u00e5 stedet.\",\"inLanguage\":\"da-DK\",\"potentialAction\":[{\"@type\":\"ReadAction\",\"target\":[\"https:\/\/planova.com\/da\/vores-kompetencer\/forskning\/\"]}]}]}<\/script>\n<!-- \/ Yoast SEO Premium plugin. -->","_links":{"self":[{"href":"https:\/\/planova.com\/da\/wp-json\/wp\/v2\/pages\/3399"}],"collection":[{"href":"https:\/\/planova.com\/da\/wp-json\/wp\/v2\/pages"}],"about":[{"href":"https:\/\/planova.com\/da\/wp-json\/wp\/v2\/types\/page"}],"author":[{"embeddable":true,"href":"https:\/\/planova.com\/da\/wp-json\/wp\/v2\/users\/1"}],"replies":[{"embeddable":true,"href":"https:\/\/planova.com\/da\/wp-json\/wp\/v2\/comments?post=3399"}],"version-history":[{"count":5,"href":"https:\/\/planova.com\/da\/wp-json\/wp\/v2\/pages\/3399\/revisions"}],"predecessor-version":[{"id":4587,"href":"https:\/\/planova.com\/da\/wp-json\/wp\/v2\/pages\/3399\/revisions\/4587"}],"up":[{"embeddable":true,"href":"https:\/\/planova.com\/da\/wp-json\/wp\/v2\/pages\/3536"}],"wp:attachment":[{"href":"https:\/\/planova.com\/da\/wp-json\/wp\/v2\/media?parent=3399"}],"wp:term":[{"taxonomy":"yst_prominent_words","embeddable":true,"href":"https:\/\/planova.com\/da\/wp-json\/wp\/v2\/yst_prominent_words?post=3399"}],"curies":[{"name":"wp","href":"https:\/\/api.w.org\/{rel}","templated":true}]}}