{"id":3366,"date":"2020-10-20T10:16:10","date_gmt":"2020-10-20T10:16:10","guid":{"rendered":"https:\/\/planova.com\/?page_id=3366"},"modified":"2022-03-24T10:11:56","modified_gmt":"2022-03-24T10:11:56","slug":"en-bout-us","status":"publish","type":"page","link":"https:\/\/planova.com\/da\/en-bout-us\/","title":{"rendered":"EN BOUT US"},"content":{"rendered":"","protected":false},"excerpt":{"rendered":"","protected":false},"author":1,"featured_media":0,"parent":0,"menu_order":0,"comment_status":"closed","ping_status":"closed","template":"","meta":[],"yst_prominent_words":[17,10,15,9,19,11,18,20,16,374,22,21],"yoast_head":"<!-- This site is optimized with the Yoast SEO Premium plugin v14.2 - https:\/\/yoast.com\/wordpress\/plugins\/seo\/ -->\n<title>Om os: Producent af butiksinventar og hyldesystemer, rumplanl\u00e6gger<\/title>\n<meta name=\"description\" content=\"\u00d8nsker du at vide, hvordan denne globalt kendte leverand\u00f8r af butiksinventar og reolsystemer blev til? Lad os s\u00e5 fort\u00e6lle omkring vores historie.\" \/>\n<meta name=\"robots\" content=\"index, follow\" \/>\n<meta name=\"googlebot\" content=\"index, follow, max-snippet:-1, max-image-preview:large, max-video-preview:-1\" \/>\n<meta name=\"bingbot\" content=\"index, follow, max-snippet:-1, max-image-preview:large, max-video-preview:-1\" \/>\n<link rel=\"canonical\" href=\"https:\/\/planova.com\/da\/en-bout-us\/\" \/>\n<meta property=\"og:locale\" content=\"da_DK\" \/>\n<meta property=\"og:type\" content=\"article\" \/>\n<meta property=\"og:title\" content=\"Om os: Producent af butiksinventar og hyldesystemer, rumplanl\u00e6gger\" \/>\n<meta property=\"og:description\" content=\"\u00d8nsker du at vide, hvordan denne globalt kendte leverand\u00f8r af butiksinventar og reolsystemer blev til? Lad os s\u00e5 fort\u00e6lle omkring vores historie.\" \/>\n<meta property=\"og:url\" content=\"https:\/\/planova.com\/da\/en-bout-us\/\" \/>\n<meta property=\"og:site_name\" content=\"Planova\" \/>\n<meta property=\"article:modified_time\" content=\"2022-03-24T10:11:56+00:00\" \/>\n<meta name=\"twitter:card\" content=\"summary_large_image\" \/>\n<script type=\"application\/ld+json\" class=\"yoast-schema-graph\">{\"@context\":\"https:\/\/schema.org\",\"@graph\":[{\"@type\":\"WebSite\",\"@id\":\"https:\/\/planova.com\/da\/#website\",\"url\":\"https:\/\/planova.com\/da\/\",\"name\":\"Planova\",\"description\":\"Providing Brand Identity\",\"potentialAction\":[{\"@type\":\"SearchAction\",\"target\":\"https:\/\/planova.com\/da\/?s={search_term_string}\",\"query-input\":\"required name=search_term_string\"}],\"inLanguage\":\"da-DK\"},{\"@type\":\"WebPage\",\"@id\":\"https:\/\/planova.com\/da\/en-bout-us\/#webpage\",\"url\":\"https:\/\/planova.com\/da\/en-bout-us\/\",\"name\":\"Om os: Producent af butiksinventar og hyldesystemer, rumplanl\\u00e6gger\",\"isPartOf\":{\"@id\":\"https:\/\/planova.com\/da\/#website\"},\"datePublished\":\"2020-10-20T10:16:10+00:00\",\"dateModified\":\"2022-03-24T10:11:56+00:00\",\"description\":\"\\u00d8nsker du at vide, hvordan denne globalt kendte leverand\\u00f8r af butiksinventar og reolsystemer blev til? Lad os s\\u00e5 fort\\u00e6lle omkring vores historie.\",\"inLanguage\":\"da-DK\",\"potentialAction\":[{\"@type\":\"ReadAction\",\"target\":[\"https:\/\/planova.com\/da\/en-bout-us\/\"]}]}]}<\/script>\n<!-- \/ Yoast SEO Premium plugin. -->","_links":{"self":[{"href":"https:\/\/planova.com\/da\/wp-json\/wp\/v2\/pages\/3366"}],"collection":[{"href":"https:\/\/planova.com\/da\/wp-json\/wp\/v2\/pages"}],"about":[{"href":"https:\/\/planova.com\/da\/wp-json\/wp\/v2\/types\/page"}],"author":[{"embeddable":true,"href":"https:\/\/planova.com\/da\/wp-json\/wp\/v2\/users\/1"}],"replies":[{"embeddable":true,"href":"https:\/\/planova.com\/da\/wp-json\/wp\/v2\/comments?post=3366"}],"version-history":[{"count":5,"href":"https:\/\/planova.com\/da\/wp-json\/wp\/v2\/pages\/3366\/revisions"}],"predecessor-version":[{"id":13250,"href":"https:\/\/planova.com\/da\/wp-json\/wp\/v2\/pages\/3366\/revisions\/13250"}],"wp:attachment":[{"href":"https:\/\/planova.com\/da\/wp-json\/wp\/v2\/media?parent=3366"}],"wp:term":[{"taxonomy":"yst_prominent_words","embeddable":true,"href":"https:\/\/planova.com\/da\/wp-json\/wp\/v2\/yst_prominent_words?post=3366"}],"curies":[{"name":"wp","href":"https:\/\/api.w.org\/{rel}","templated":true}]}}